{"id":10,"date":"2016-09-15T16:37:59","date_gmt":"2016-09-15T14:37:59","guid":{"rendered":"http:\/\/hsnetworks.de\/websites\/diakonie-neu\/?page_id=10"},"modified":"2025-01-29T10:17:19","modified_gmt":"2025-01-29T09:17:19","slug":"ambulant-betreutes-wohnen","status":"publish","type":"page","link":"https:\/\/diakoniewesel.de\/index.php\/ambulant-betreutes-wohnen\/","title":{"rendered":"Ambulant Betreutes Wohnen"},"content":{"rendered":"<h2><img loading=\"lazy\" decoding=\"async\" class=\"alignleft size-medium wp-image-97\" src=\"https:\/\/diakoniewesel.de\/wp-content\/uploads\/2016\/10\/keyvisual-a_b_wohnen-300x200.jpg\" alt=\"keyvisual-a_b_wohnen\" width=\"300\" height=\"200\" \/><\/h2>\n<h2>\u00a0<\/h2>\n<h2>\u00a0<\/h2>\n<h2>\u00a0<\/h2>\n<p>&nbsp;<\/p>\n<p>&nbsp;<\/p>\n<h2><span style=\"color: #008000;\">ALLEIN WOHNEN,\u00a0OHNE\u00a0ALLEIN\u00a0ZU SEIN!<\/span><\/h2>\n<p>Wir geben Menschen, die von einer psychischen Erkrankung oder geistigen Behinderung betroffen sind, auch bei gleichzeitiger Suchtproblematik, die M\u00f6glichkeit, ihr Leben selbst zu gestalten.<\/p>\n<h2><span style=\"color: #008000;\">Der Wunsch<\/span><\/h2>\n<ul>\n<li>Sie sind von einer psychischen Erkrankung oder geistigen Behinderung betroffen und m\u00f6chten Ihr Leben m\u00f6glichst selbstst\u00e4ndig gestalten.<\/li>\n<li>Dazu geh\u00f6rt f\u00fcr Sie auch eine eigene Wohnung.<\/li>\n<\/ul>\n<h2><span style=\"color: #008000;\">Das Angebot<\/span><\/h2>\n<ul>\n<li>Wir bieten Ihnen ambulante Unterst\u00fctzung in Ihrer eigenen Wohnung oder in einer Wohngemeinschaft.<\/li>\n<li>Unsere qualifizierten\u00a0Mitarbeitenden besuchen Sie je nach Bedarf und helfen Ihnen, den Alltag zu meistern.<\/li>\n<li>Hierzu geh\u00f6rt auch die Aufrechterhaltung der Beziehung bei Klinikaufenthalten.<\/li>\n<\/ul>\n<h2><span style=\"color: #008000;\">Unterst\u00fctzung mit Augenma\u00df<\/span><\/h2>\n<ul>\n<li>Sie erfahren psychosoziale und lebenspraktische Beratung und Betreuung durch qualifiziertes und erfahrenes Fachpersonal.<\/li>\n<li>Sie werden hierbei in Ihrer Ganzheitlichkeit wahrgenommen und in Ihrer Individualit\u00e4t geachtet.<\/li>\n<li>Die Kontinuit\u00e4t in der Betreuung wird durch ein Bezugspersonensystem sichergestellt.<\/li>\n<li>Das Angebot umfasst in der Regel aufsuchende Hilfen in Ihrer h\u00e4uslichen Umgebung, soweit Sie das w\u00fcnschen.<\/li>\n<li>Wir orientieren uns an Ihren Ressourcen, Ihrer Eigenverantwortung und Entscheidungsfreiheit sowie dem Prinzip Hilfe zur Selbsthilfe.<\/li>\n<li>Unsere bedarfsorientierte Hilfeleistung geschieht auf der Grundlage einer individuellen Hilfeplanung unter Ihrer pers\u00f6nlichen Einbeziehung.<\/li>\n<li>In Krisensituationen kann die Betreuung kurzfristig intensiviert werden.<\/li>\n<li>Das Diakonische Werk ist mit der regionalen Angebotsstruktur vernetzt.<\/li>\n<\/ul>\n<h2><span style=\"color: #008000;\">F\u00fcr mehr Selbstst\u00e4ndigkeit<\/span><\/h2>\n<p>Wir unterst\u00fctzen Sie bei der<\/p>\n<ul>\n<li>Aufnahme und Gestaltung pers\u00f6nlicher und sozialer Beziehungen, auch durch Gruppen- und Freizeitangebote<\/li>\n<li>Alltagsgestaltung, Alltagsbew\u00e4ltigung und Lebensplanung<\/li>\n<li>Teilhabe am Leben in der Gesellschaft u. a. durch Hausbesuche, Kontakte in der Beratungsstelle, Begleitung au\u00dferhalb der Wohnung, Durchf\u00fchrung von Gruppenangeboten<\/li>\n<li>Arbeitssuche, der beruflichen Weiterentwicklung und der Vermittlung in Besch\u00e4ftigungsma\u00dfnahmen<\/li>\n<li>Vermeidung von Klinikaufenthalten<\/li>\n<li>Regelung Ihrer finanziellen Verh\u00e4ltnisse, falls Sie verschuldet sind, im Rahmen unserer Schuldner- und Insolvenzberatungsstelle<\/li>\n<li>Bew\u00e4ltigung von allgemeinen Krisen oder in Fragen der Partnerschaft durch therapeutische Beratung in unserer Ehe-, Familien- und Lebensberatungsstelle<\/li>\n<\/ul>\n<h2><span style=\"color: #008000;\">Unser Einzugsgebiet<\/span><\/h2>\n<p>Das Diakonische Werk ist \u00fcberwiegend zust\u00e4ndig f\u00fcr die rechtsrheinischen Teile der Kreise Kleve und Wesel. Hierzu geh\u00f6ren die Kommunen Emmerich, Hamminkeln, H\u00fcnxe, Isselburg, Rees, Schermbeck und Wesel. Au\u00dferdem sind wir in den linksrheinischen Weseler Stadtteilen B\u00fcderich und Ginderich t\u00e4tig.<\/p>\n<p><span style=\"color: #0000ff;\">Diakonisches Werk, Berliner-Tor-Platz 1a, 46483 Wesel<\/span><\/p>\n<p>&nbsp;<\/p>\n<p><strong>Stefanie Gro\u00df, Abteilungsleitung<\/strong><br \/>\nTel.: 02064 43 47 31\u00a0<a href=\"stefanie.gross@diakonie-wesel.de\">E-Mail<\/a><\/p>\n<p><strong>Sekretariat<\/strong><br \/>\nTel.: 0281 156-220<br \/>\nFax: 0281 156-209<\/p>\n<p><strong>Petra Siebers<br \/>\n<\/strong>Betreuungsassistenz<br \/>\nTel.: 0281 156-228<\/p>\n<p><strong>Elke Ruppert-Borgmann<br \/>\n<\/strong>Tel.: 0281 156-222<\/p>\n<p><strong>Stefanie Turay<\/strong><br \/>\nTel.: 0281 156-223<\/p>\n<p><strong>Carolin Geldermann<\/strong><br \/>\nTel.: 0281 156-225<\/p>\n<p><strong>Sindy K\u00f6sters<br \/>\n<\/strong>Tel.: 0281 156-226<\/p>\n<p><strong>Thorsten B\u00f6sing<br \/>\n<\/strong>Tel.: 0281 156-224<\/p>\n<p><strong>Lisa Wissen<br \/>\n<\/strong>Tel.: 0281 156-227<\/p>\n<p>&nbsp;<\/p>\n<p><span style=\"color: #0000ff;\">Termine nach vorheriger Terminabsprache.<\/span><br \/>\n<span style=\"color: #0000ff;\"><strong>Wir stehen in der Regel innerhalb von 72 Stunden f\u00fcr ein erstes Informationsgespr\u00e4ch zur Verf\u00fcgung!!!<\/strong><\/span><\/p>\n<p>Dieses Beratungsangebot wird durch den Kirchenkreis Wesel und\u00a0das\u00a0Land Nordrhein-Westfalen\u00a0finanziell unterst\u00fctzt.<\/p>\n","protected":false},"excerpt":{"rendered":"<p>\u00a0 \u00a0 \u00a0 &nbsp; &nbsp; ALLEIN WOHNEN,\u00a0OHNE\u00a0ALLEIN\u00a0ZU SEIN! Wir geben Menschen, die von einer psychischen Erkrankung oder geistigen Behinderung betroffen sind, auch bei gleichzeitiger Suchtproblematik, die M\u00f6glichkeit, ihr Leben selbst <a href=\"https:\/\/diakoniewesel.de\/index.php\/ambulant-betreutes-wohnen\/\" class=\"more-link\">[&hellip;]<\/a><\/p>\n","protected":false},"author":1,"featured_media":0,"parent":0,"menu_order":0,"comment_status":"closed","ping_status":"closed","template":"","meta":{"Layout":"","footnotes":""},"class_list":["entry","author-hsn-maser","post-10","page","type-page","status-publish"],"_links":{"self":[{"href":"https:\/\/diakoniewesel.de\/index.php\/wp-json\/wp\/v2\/pages\/10","targetHints":{"allow":["GET"]}}],"collection":[{"href":"https:\/\/diakoniewesel.de\/index.php\/wp-json\/wp\/v2\/pages"}],"about":[{"href":"https:\/\/diakoniewesel.de\/index.php\/wp-json\/wp\/v2\/types\/page"}],"author":[{"embeddable":true,"href":"https:\/\/diakoniewesel.de\/index.php\/wp-json\/wp\/v2\/users\/1"}],"replies":[{"embeddable":true,"href":"https:\/\/diakoniewesel.de\/index.php\/wp-json\/wp\/v2\/comments?post=10"}],"version-history":[{"count":40,"href":"https:\/\/diakoniewesel.de\/index.php\/wp-json\/wp\/v2\/pages\/10\/revisions"}],"predecessor-version":[{"id":1730,"href":"https:\/\/diakoniewesel.de\/index.php\/wp-json\/wp\/v2\/pages\/10\/revisions\/1730"}],"wp:attachment":[{"href":"https:\/\/diakoniewesel.de\/index.php\/wp-json\/wp\/v2\/media?parent=10"}],"curies":[{"name":"wp","href":"https:\/\/api.w.org\/{rel}","templated":true}]}}