{"id":122,"date":"2016-10-06T09:47:19","date_gmt":"2016-10-06T07:47:19","guid":{"rendered":"http:\/\/hsnetworks.de\/websites\/diakonie-neu\/?page_id=122"},"modified":"2016-10-06T09:47:19","modified_gmt":"2016-10-06T07:47:19","slug":"fragen-zu-den-themen-betreuung-sowie-vorsorgevollmacht-und-betreuungsverfuegung","status":"publish","type":"page","link":"https:\/\/diakoniewesel.de\/index.php\/fragen-zu-den-themen-betreuung-sowie-vorsorgevollmacht-und-betreuungsverfuegung\/","title":{"rendered":"Fragen zu den Themen Betreuung sowie Vorsorgevollmacht und Betreuungsverf\u00fcgung:"},"content":{"rendered":"<h2>Was bedeutet der Grundsatz der Erforderlichkeit im Betreuungsrecht?<\/h2>\n<ul>\n<li>\n<p>Die Betreuung stellt eine wichtige Hilfe f\u00fcr die Betroffenen dar, sie kann aber auch als Eingriff empfunden werden. Deshalb darf eine Betreuung nur angeordnet werden, wenn und soweit sie notwendig ist. Das hei\u00dft, es muss zun\u00e4chst festgestellt werden, ob nicht andere Hilfsm\u00f6glichkeiten bestehen, insbesondere die Unterst\u00fctzung durch Familienangeh\u00f6rige, Bekannte oder soziale Dienste. Ebenfalls nicht notwendig ist eine Betreuung, wenn eine wirksame Vorsorgevollmacht besteht.<\/p>\n<\/li>\n<\/ul>\n<h2>Welchen Umfang hat die Betreuung?<\/h2>\n<ul>\n<li>\n<p>Der Richter pr\u00fcft genau die Erforderlichkeit und bestellt den\/die Betreuer\/in nur f\u00fcr die Aufgabenkreise, in denen eine Betreuung tatsachlich erforderlich ist.<\/p>\n<\/li>\n<\/ul>\n<h2>Welche Auswirkungen hat die Anordnung einer Betreuung? <br \/>\n Wird die betreute Person entm\u00fcndigt?<\/h2>\n<ul>\n<li>\n<p>Nein. Die Anordnung einer Betreuung bedeutet keine Entrechtung oder Entm\u00fcndigung des\/der Betroffenen. Soweit er\/sie hierzu tats\u00e4chlich in der Lage ist, kann der\/die Betroffene weiterhin am Rechtsverkehr teilnehmen (Ausnahme: Anordnung eines sogenannten Einwilligungsvorbehaltes).<\/p>\n<\/li>\n<\/ul>\n<h2>Wie lange dauert eine Betreuung?<\/h2>\n<ul>\n<li>\n<p>Die Betreuerbestellung darf nicht l\u00e4nger als notwendig dauern. Deshalb wird in die gerichtliche Entscheidung das Datum des Tages aufgenommen, bis zu dem das Gericht die getroffene Ma\u00dfnahme \u00fcberpr\u00fcft haben muss (sp\u00e4testens nach 5 Jahren).<\/p>\n<\/li>\n<\/ul>\n<h2>Wie werden die Betreuer ausgew\u00e4hlt?<\/h2>\n<ul>\n<li>\n<p>Die Betreuung soll nach M\u00f6glichkeit durch eine nat\u00fcrliche Person wahrgenommen werden. Neben der Eignung ist f\u00fcr ihre Auswahl vor allem der Wunsch des\/der Betroffenen ma\u00dfgeblich. Nur wenn keine andere geeignete Person zur Verf\u00fcgung steht, wird ein\/e Vereins- oder Berufsbetreuer\/in bestellt. Nur ganz ausnahmsweise darf ein Betreuungsverein oder die Betreuungsbeh\u00f6rde zum Betreuer bestellt werden.<\/p>\n<\/li>\n<\/ul>\n<h2>Welche Aufgaben hat der \/ die Betreuer\/in?<\/h2>\n<ul>\n<li>\n<p>Der\/die Betreuer\/in vertritt die betroffene Person in dem \u00fcbertragenen Wirkungskreis als gesetzlicher Vertreter. Ma\u00dfgeblich hierf\u00fcr sind das Wohl sowie die W\u00fcnsche des\/der Betroffenen. Hierzu muss der\/die Betreuer\/in den pers\u00f6nlichen Kontakt zum\/zur Betroffenen halten. Einmal im Jahr muss dem Vormundschaftsgericht \u00fcber die Entwicklung der pers\u00f6nlichen Verh\u00e4ltnisse des\/der Betreuten berichtet werden.<\/p>\n<\/li>\n<\/ul>\n","protected":false},"excerpt":{"rendered":"<p>Was bedeutet der Grundsatz der Erforderlichkeit im Betreuungsrecht? Die Betreuung stellt eine wichtige Hilfe f\u00fcr die Betroffenen dar, sie kann aber auch als Eingriff empfunden werden. Deshalb darf eine Betreuung <a href=\"https:\/\/diakoniewesel.de\/index.php\/fragen-zu-den-themen-betreuung-sowie-vorsorgevollmacht-und-betreuungsverfuegung\/\" class=\"more-link\">[&hellip;]<\/a><\/p>\n","protected":false},"author":2,"featured_media":0,"parent":0,"menu_order":0,"comment_status":"closed","ping_status":"closed","template":"","meta":{"Layout":"","footnotes":""},"class_list":["entry","author-hsn-master","post-122","page","type-page","status-publish"],"_links":{"self":[{"href":"https:\/\/diakoniewesel.de\/index.php\/wp-json\/wp\/v2\/pages\/122","targetHints":{"allow":["GET"]}}],"collection":[{"href":"https:\/\/diakoniewesel.de\/index.php\/wp-json\/wp\/v2\/pages"}],"about":[{"href":"https:\/\/diakoniewesel.de\/index.php\/wp-json\/wp\/v2\/types\/page"}],"author":[{"embeddable":true,"href":"https:\/\/diakoniewesel.de\/index.php\/wp-json\/wp\/v2\/users\/2"}],"replies":[{"embeddable":true,"href":"https:\/\/diakoniewesel.de\/index.php\/wp-json\/wp\/v2\/comments?post=122"}],"version-history":[{"count":1,"href":"https:\/\/diakoniewesel.de\/index.php\/wp-json\/wp\/v2\/pages\/122\/revisions"}],"predecessor-version":[{"id":123,"href":"https:\/\/diakoniewesel.de\/index.php\/wp-json\/wp\/v2\/pages\/122\/revisions\/123"}],"wp:attachment":[{"href":"https:\/\/diakoniewesel.de\/index.php\/wp-json\/wp\/v2\/media?parent=122"}],"curies":[{"name":"wp","href":"https:\/\/api.w.org\/{rel}","templated":true}]}}