{"id":124,"date":"2016-10-06T09:47:46","date_gmt":"2016-10-06T07:47:46","guid":{"rendered":"http:\/\/hsnetworks.de\/websites\/diakonie-neu\/?page_id=124"},"modified":"2016-12-01T15:21:18","modified_gmt":"2016-12-01T14:21:18","slug":"fragen-zur-betreuungsverfuegung","status":"publish","type":"page","link":"https:\/\/diakoniewesel.de\/index.php\/fragen-zur-betreuungsverfuegung\/","title":{"rendered":"Fragen zur Betreuungsverf\u00fcgung:"},"content":{"rendered":"<h1>Was ist eine Betreuungsverf\u00fcgung?<\/h1>\n<ul>\n<li>\n<p>Nicht immer steht eine geeignete, vertrauensw\u00fcrdige Person als Bevollm\u00e4chtigte zur Verf\u00fcgung. Auch gibt es Situationen, in denen eine gerichtliche Kontrolle \u00fcber die zu regelnden Angelegenheiten sinnvoll und deshalb die Erteilung einer Vorsorgevollmacht nicht zu empfehlen ist.<\/p>\n<\/li>\n<li>\n<p>Mit einer Betreuungsverf\u00fcgung kann man sicherstellen, dass die pers\u00f6nlichen W\u00fcnsche im Falle einer sp\u00e4teren, gerichtlich angeordneten Betreuung soweit wie m\u00f6glich ber\u00fccksichtigt werden. Eine Betreuungsverf\u00fcgung kann auch in Erg\u00e4nzung zu einer Vorsorgevollmacht getroffen werden.<\/p>\n<\/li>\n<\/ul>\n<h2>An wen richtet sich die Betreuungsverf\u00fcgung?<\/h2>\n<ul>\n<li>\n<p>Die Betreuungsverf\u00fcgung richtet sich an das Vormundschaftsgericht des Wohnorts und gilt f\u00fcr den Fall, dass einmal eine Betreuung eingerichtet werden muss. Die Verf\u00fcgung dient als Grundlage f\u00fcr den gerichtlichen Beschluss \u00fcber die Bestellung eines\/einer Betreuers\/in. Das Gericht ist grunds\u00e4tzlich an die getroffenen Anordnungen gebunden. Eine Ausnahme gilt nur, wenn sie dem Wohl des\/der Betroffenen zuwiderlaufen w\u00fcrden, der ge\u00e4u\u00dferte Wunsch danach erkennbar aufgegeben wurde oder die Erf\u00fcllung der W\u00fcnsche des\/der Betroffenen dem\/der Betreuer\/in nicht zugemutet werden k\u00f6nnen.<\/p>\n<\/li>\n<\/ul>\n<h2>Was kann ich in einer Betreuungsverf\u00fcgung regeln?<\/h2>\n<ul>\n<li>\n<p>In einer Betreuungsverf\u00fcgung k\u00f6nnen W\u00fcnsche ge\u00e4u\u00dfert werden, z. B. dar\u00fcber<\/p>\n<ul>\n<li>\n<p>wer Betreuer\/in werden soll oder nicht,<\/p>\n<\/li>\n<li>\n<p>welche W\u00fcnsche und Gewohnheiten der\/die Betreuer\/in respektieren soll<\/p>\n<\/li>\n<li>\n<p>ob der\/die Betroffene im Pflegefalle lieber zu Hause oder in einem Pflegeheim versorgt werden will<\/p>\n<\/li>\n<li>\n<p>welches Alten- oder Pflegeheim bevorzugt wird.<\/p>\n<\/li>\n<\/ul>\n<\/li>\n<\/ul>\n","protected":false},"excerpt":{"rendered":"<p>Was ist eine Betreuungsverf\u00fcgung? Nicht immer steht eine geeignete, vertrauensw\u00fcrdige Person als Bevollm\u00e4chtigte zur Verf\u00fcgung. Auch gibt es Situationen, in denen eine gerichtliche Kontrolle \u00fcber die zu regelnden Angelegenheiten sinnvoll <a href=\"https:\/\/diakoniewesel.de\/index.php\/fragen-zur-betreuungsverfuegung\/\" class=\"more-link\">[&hellip;]<\/a><\/p>\n","protected":false},"author":2,"featured_media":0,"parent":0,"menu_order":0,"comment_status":"closed","ping_status":"closed","template":"","meta":{"Layout":"","footnotes":""},"class_list":["entry","author-hsn-master","post-124","page","type-page","status-publish"],"_links":{"self":[{"href":"https:\/\/diakoniewesel.de\/index.php\/wp-json\/wp\/v2\/pages\/124","targetHints":{"allow":["GET"]}}],"collection":[{"href":"https:\/\/diakoniewesel.de\/index.php\/wp-json\/wp\/v2\/pages"}],"about":[{"href":"https:\/\/diakoniewesel.de\/index.php\/wp-json\/wp\/v2\/types\/page"}],"author":[{"embeddable":true,"href":"https:\/\/diakoniewesel.de\/index.php\/wp-json\/wp\/v2\/users\/2"}],"replies":[{"embeddable":true,"href":"https:\/\/diakoniewesel.de\/index.php\/wp-json\/wp\/v2\/comments?post=124"}],"version-history":[{"count":2,"href":"https:\/\/diakoniewesel.de\/index.php\/wp-json\/wp\/v2\/pages\/124\/revisions"}],"predecessor-version":[{"id":253,"href":"https:\/\/diakoniewesel.de\/index.php\/wp-json\/wp\/v2\/pages\/124\/revisions\/253"}],"wp:attachment":[{"href":"https:\/\/diakoniewesel.de\/index.php\/wp-json\/wp\/v2\/media?parent=124"}],"curies":[{"name":"wp","href":"https:\/\/api.w.org\/{rel}","templated":true}]}}