{"id":126,"date":"2016-10-06T09:48:08","date_gmt":"2016-10-06T07:48:08","guid":{"rendered":"http:\/\/hsnetworks.de\/websites\/diakonie-neu\/?page_id=126"},"modified":"2016-10-06T09:48:08","modified_gmt":"2016-10-06T07:48:08","slug":"fragen-zur-vorsorgevollmacht","status":"publish","type":"page","link":"https:\/\/diakoniewesel.de\/index.php\/fragen-zur-vorsorgevollmacht\/","title":{"rendered":"Fragen zur Vorsorgevollmacht:"},"content":{"rendered":"<h2>Wozu dient eine Vorsorgevollmacht?<\/h2>\n<ul>\n<li>Mit einer Vorsorgevollmacht bekommt jemand anderes das Recht und die Aufgabe erteilt, im Namen der vertretenen Person deren Angelegenheiten zu regeln und diese dabei rechtsverbindlich zu vertreten. Durch die Vorsorgevollmacht k\u00f6nnen h\u00e4ufig die Einrichtung einer Betreuung und damit die mit dem Betreuungsverfahren verbundenen Unannehmlichkeiten und Kosten vermieden werden. Immer dann, wenn absehbar ist, dass jemand Hilfe in bestimmten oder allen Lebenslagen ben\u00f6tigt, empfiehlt sich daher die Erteilung einer Vorsorgevollmacht.<\/li>\n<\/ul>\n<h2>Wie unterscheidet sich die Vorsorgevollmacht von einer Betreuung?<\/h2>\n<p>Die Vollmacht wird durch die\/den Betroffene\/n selbst erteilt, w\u00e4hrend die Betreuung durch das Vormundschaftsgericht angeordnet wird. Bei der Vollmachtserteilung entfallen daher das gerichtlich bestellte Gutachten, die Anh\u00f6rungen durch die Betreuungsbeh\u00f6rde, den Verfahrenspfleger und den Richter. Auch entstehen keine Kosten. Voraussetzung ist jedoch, dass es im Umfeld des\/der Betroffenen eine absolut vertrauensw\u00fcrdige Person gibt, die f\u00e4hig und bereit ist, die notwendigen Angelegenheiten zu erledigen. Denn anders als bei einer Betreuung wird der\/die Bevollm\u00e4chtigte nicht vom Vormundschaftsgericht kontrolliert.<\/p>\n<h2>Wer kann eine Vorsorgevollmacht erteilen?<\/h2>\n<ul>\n<li>Eine Vorsorgevollmacht kann jeder vollj\u00e4hrige Mensch erteilen, es sei denn, er ist gesch\u00e4ftsunf\u00e4hig. Als Umfang kommen alle Bereiche in Betracht, f\u00fcr die sonst eine Betreuung eingerichtet werden m\u00fcsste.<\/li>\n<\/ul>\n<h2>Entm\u00fcndige ich mich durch die Erteilung einer Vorsorgevollmacht sozusagen selbst?<\/h2>\n<ul>\n<li>Nein. Die Erteilung einer Vollmacht beeintr\u00e4chtigt die eigene Handlungs- und Gesch\u00e4ftsf\u00e4higkeit in keiner Weise. Solange der Mensch handlungs- und gesch\u00e4ftsf\u00e4hig ist, kann er selbst alle seine Rechte wahrnehmen.<\/li>\n<\/ul>\n<h2>Kann ich eine einmal erteilte Vollmacht wieder \u00e4ndern?<\/h2>\n<ul>\n<li>Die in einer Vollmacht getroffenen Bestimmungen, einschlie\u00dflich der Auswahl des Bevollm\u00e4chtigten, k\u00f6nnen jederzeit ge\u00e4ndert oder aufgehoben werden.<\/li>\n<\/ul>\n<h2>Besteht die M\u00f6glichkeit, eine Vorsorgevollmacht registrieren zu lassen?<\/h2>\n<p>Ja. Man kann jede Vorsorgevollmacht zentral bei der Bundesnotarkammer registrieren lassen. Die Registrierung ist freiwillig. Sie stellt sicher, dass die Vollmacht im Ernstfall schnell gefunden wird.<\/p>\n","protected":false},"excerpt":{"rendered":"<p>Wozu dient eine Vorsorgevollmacht? Mit einer Vorsorgevollmacht bekommt jemand anderes das Recht und die Aufgabe erteilt, im Namen der vertretenen Person deren Angelegenheiten zu regeln und diese dabei rechtsverbindlich zu <a href=\"https:\/\/diakoniewesel.de\/index.php\/fragen-zur-vorsorgevollmacht\/\" class=\"more-link\">[&hellip;]<\/a><\/p>\n","protected":false},"author":2,"featured_media":0,"parent":0,"menu_order":0,"comment_status":"closed","ping_status":"closed","template":"","meta":{"Layout":"","footnotes":""},"class_list":["entry","author-hsn-master","post-126","page","type-page","status-publish"],"_links":{"self":[{"href":"https:\/\/diakoniewesel.de\/index.php\/wp-json\/wp\/v2\/pages\/126","targetHints":{"allow":["GET"]}}],"collection":[{"href":"https:\/\/diakoniewesel.de\/index.php\/wp-json\/wp\/v2\/pages"}],"about":[{"href":"https:\/\/diakoniewesel.de\/index.php\/wp-json\/wp\/v2\/types\/page"}],"author":[{"embeddable":true,"href":"https:\/\/diakoniewesel.de\/index.php\/wp-json\/wp\/v2\/users\/2"}],"replies":[{"embeddable":true,"href":"https:\/\/diakoniewesel.de\/index.php\/wp-json\/wp\/v2\/comments?post=126"}],"version-history":[{"count":1,"href":"https:\/\/diakoniewesel.de\/index.php\/wp-json\/wp\/v2\/pages\/126\/revisions"}],"predecessor-version":[{"id":127,"href":"https:\/\/diakoniewesel.de\/index.php\/wp-json\/wp\/v2\/pages\/126\/revisions\/127"}],"wp:attachment":[{"href":"https:\/\/diakoniewesel.de\/index.php\/wp-json\/wp\/v2\/media?parent=126"}],"curies":[{"name":"wp","href":"https:\/\/api.w.org\/{rel}","templated":true}]}}