{"id":128,"date":"2016-10-06T09:52:32","date_gmt":"2016-10-06T07:52:32","guid":{"rendered":"http:\/\/hsnetworks.de\/websites\/diakonie-neu\/?page_id=128"},"modified":"2022-10-05T09:12:19","modified_gmt":"2022-10-05T07:12:19","slug":"schuldner-und-insolvenzberatung-2","status":"publish","type":"page","link":"https:\/\/diakoniewesel.de\/index.php\/schuldner-und-insolvenzberatung-2\/","title":{"rendered":"FAQ &#8211; Schuldnerberatung"},"content":{"rendered":"<h1><img loading=\"lazy\" decoding=\"async\" class=\"alignleft size-medium wp-image-107\" src=\"https:\/\/diakoniewesel.de\/wp-content\/uploads\/2016\/10\/keyvisual-schuldner-300x209.jpg\" alt=\"keyvisual-schuldner\" width=\"300\" height=\"209\" \/>Fragen zum Thema Schuldnerberatung:<\/h1>\n<h3>\nEin Gl\u00e4ubiger hat mir die Pf\u00e4ndung von Arbeitseinkommen, Arbeitslosengeld, Rente usw. angedroht. <br \/>\nKann man mir mein ganzes Geld wegnehmen?<\/h3>\n<ul>\n<li>\n<p>Nein! Der Gesetzgeber hat in der Zivilprozessordnung geregelt, dass mir der zum Leben notwendige Teil der Eink\u00fcnfte verbleibt. Die H\u00f6he des unpf\u00e4ndbaren Einkommens ist abh\u00e4ngig von der Anzahl meiner Unterhaltsberechtigten und der H\u00f6he des Einkommens.<\/p>\n<\/li>\n<\/ul>\n<h3>Ein Gl\u00e4ubiger droht, mein Konto zu pf\u00e4nden, oder mein Konto wurde bereits gepf\u00e4ndet. <br \/>\nWas muss ich beachten?<\/h3>\n<ul>\n<li>Seit dem Jahr 2012 gibt es bei Kontopf\u00e4ndungen nur noch Pf\u00e4ndungsschutz auf einem Pf\u00e4ndungsschutzkonto (P-Konto). Das Konto sollte umgehend in ein P-Konto umgewandelt werden, um Vollstreckungsschutz zu erlangen. \u00dcber den festgelegten Grundfreibetrag darf dann trotz einer oder mehrerer Pf\u00e4ndungen pro Kalendermonat verf\u00fcgt werden.\n<p>&nbsp;<\/p>\n<\/li>\n<\/ul>\n<h3>Meine Eink\u00fcnfte auf dem P-Konto liegen \u00fcber dem Freibetrag. Was ist zu beachten?<\/h3>\n<ul>\n<li>Der nach der Umwandlung automatisch geltende Grundfreibetrag\u00a0kann erh\u00f6ht werden, wenn Sie z. B. gesetzliche Unterhaltspflichten erf\u00fcllen, au\u00dferdem wenn Sie Arbeitslosengeld II oder Sozialhilfe f\u00fcr Personen aus Ihrer Bedarfsgemeinschaft oder Kindergeld auf Ihrem Konto entgegennehmen. Dies ist der Bank nachzuweisen. Sollte die Bank den Nachweis nicht akzeptieren, k\u00f6nnen Sozialleistungstr\u00e4ger, Arbeitgeber, Rechtsanw\u00e4lte (kostenpflichtig) oder Ihre Schuldner- und Insolvenzberatungsstelle eine Bescheinigung \u00fcber eine Erh\u00f6hung erstellen. Hierzu sind der Stelle alle Eink\u00fcnfte und Unterhaltspflichten nachzuweisen (z. B. durch Kontoausz\u00fcge, Sozialleistungs- und Kindergeldbescheide, Familienstammbuch, Meldebescheinigung des Einwohnermeldeamtes, Best\u00e4tigung von Unterhaltsempf\u00e4ngern usw.). Die erstellte Bescheinigung ist dann bei Ihrer Bank einzureichen.\n<p>&nbsp;<\/p>\n<\/li>\n<\/ul>\n<h3>Der Gerichtvollzieher hat seinen Besuch angek\u00fcndigt. Muss ich ihn hereinlassen? <br \/>\nNimmt man mir Fernseher\/M\u00f6bel\/usw. weg?<\/h3>\n<ul>\n<li>\n<p>Beim ersten Besuch kann ich ihn auf einen Termin verweisen und kann ihm den Zutritt zur Wohnung verweigern. Stand der Gerichtvollzieher zweimal erfolglos vor der T\u00fcr, hat er das Recht, sich \u00fcber Zwangsma\u00dfnahmen Zutritt zur Wohnung zu verschaffen. Gebrauchs\u00fcbliches Wohnungsinventar sowie kulturelle Grundg\u00fcter wie z. B. auch ein \u00fcbliches TV-Ger\u00e4t d\u00fcrfen nicht gepf\u00e4ndet werden. Auch d\u00fcrfen keine Dinge ersatzlos gepf\u00e4ndet werden, die zwingend zur Berufsaus\u00fcbung erforderlich sind.<\/p>\n<\/li>\n<\/ul>\n<h3>Mir wurde die Abnahme der eidesstattlichen Versicherung und Verhaftung angedroht \u2013 <br \/>\nmuss ich wegen meiner Schulden ins Gef\u00e4ngnis?<\/h3>\n<ul>\n<li>Bei Verweigerung der Abgabe der Verm\u00f6gensauskunft (fr\u00fcher \u201aeidesstattliche Versicherung\u2018) kann Erzwingungshaft drohen. Der Grund daf\u00fcr liegt also allein in der Verweigerung der Abgabe, nicht darin, Schulden zu haben! Gibt man die Verm\u00f6gensauskunft bei wahrheitsgem\u00e4\u00dfen Angaben ab, besteht keine Haftgefahr mehr. Erzwingungshaft kann auch bei Nicht-Zahlung von Geldbu\u00dfen verh\u00e4ngt werden. Bei Geldstrafen kann ersatzweise Haft angeordnet werden. Mit Gerichtskassen, Stadtkassen oder Staatsanwaltschaften kann man zumeist unkompliziert \u00fcber Ratenzahlungen sprechen, wobei die Einkommens- und Unterhaltssituation nachzuweisen ist.<\/li>\n<li>Geldstrafen k\u00f6nnen auch durch eine gemeinn\u00fctzige T\u00e4tigkeit abgegolten werden. Dies ist zuvor mit der zust\u00e4ndigen Staatsanwaltschaft zu vereinbaren. Die Geldstrafe muss dann nicht mehr bezahlt werden. Gerade arbeitslosen Menschen, die nicht z.B. wegen Kindererziehung an einer solchen T\u00e4tigkeit gehindert sind, ist dieser Weg zu empfehlen.<\/li>\n<\/ul>\n","protected":false},"excerpt":{"rendered":"<p>Fragen zum Thema Schuldnerberatung: Ein Gl\u00e4ubiger hat mir die Pf\u00e4ndung von Arbeitseinkommen, Arbeitslosengeld, Rente usw. angedroht. Kann man mir mein ganzes Geld wegnehmen? Nein! Der Gesetzgeber hat in der Zivilprozessordnung <a href=\"https:\/\/diakoniewesel.de\/index.php\/schuldner-und-insolvenzberatung-2\/\" class=\"more-link\">[&hellip;]<\/a><\/p>\n","protected":false},"author":2,"featured_media":0,"parent":0,"menu_order":0,"comment_status":"closed","ping_status":"closed","template":"","meta":{"Layout":"","footnotes":""},"class_list":["entry","author-hsn-master","post-128","page","type-page","status-publish"],"_links":{"self":[{"href":"https:\/\/diakoniewesel.de\/index.php\/wp-json\/wp\/v2\/pages\/128","targetHints":{"allow":["GET"]}}],"collection":[{"href":"https:\/\/diakoniewesel.de\/index.php\/wp-json\/wp\/v2\/pages"}],"about":[{"href":"https:\/\/diakoniewesel.de\/index.php\/wp-json\/wp\/v2\/types\/page"}],"author":[{"embeddable":true,"href":"https:\/\/diakoniewesel.de\/index.php\/wp-json\/wp\/v2\/users\/2"}],"replies":[{"embeddable":true,"href":"https:\/\/diakoniewesel.de\/index.php\/wp-json\/wp\/v2\/comments?post=128"}],"version-history":[{"count":12,"href":"https:\/\/diakoniewesel.de\/index.php\/wp-json\/wp\/v2\/pages\/128\/revisions"}],"predecessor-version":[{"id":1271,"href":"https:\/\/diakoniewesel.de\/index.php\/wp-json\/wp\/v2\/pages\/128\/revisions\/1271"}],"wp:attachment":[{"href":"https:\/\/diakoniewesel.de\/index.php\/wp-json\/wp\/v2\/media?parent=128"}],"curies":[{"name":"wp","href":"https:\/\/api.w.org\/{rel}","templated":true}]}}