{"id":1313,"date":"2023-01-04T14:58:08","date_gmt":"2023-01-04T13:58:08","guid":{"rendered":"https:\/\/diakoniewesel.de\/?page_id=1313"},"modified":"2025-08-26T12:17:30","modified_gmt":"2025-08-26T10:17:30","slug":"beratungsstelle-arbeit","status":"publish","type":"page","link":"https:\/\/diakoniewesel.de\/index.php\/beratungsstelle-arbeit\/","title":{"rendered":"Beratungsstelle Arbeit"},"content":{"rendered":"<p><img loading=\"lazy\" decoding=\"async\" class=\"size-medium wp-image-1319 alignleft\" src=\"https:\/\/diakoniewesel.de\/wp-content\/uploads\/2023\/01\/Beratungsstellen_arbeit_foto-1-300x200.jpg\" alt=\"\" width=\"300\" height=\"200\" srcset=\"https:\/\/diakoniewesel.de\/wp-content\/uploads\/2023\/01\/Beratungsstellen_arbeit_foto-1-300x200.jpg 300w, https:\/\/diakoniewesel.de\/wp-content\/uploads\/2023\/01\/Beratungsstellen_arbeit_foto-1.jpg 612w\" sizes=\"auto, (max-width: 300px) 100vw, 300px\" \/><\/p>\n<p>Ab 2021 f\u00f6rdert das Land NRW mit einem neuen Programm \u201eBeratungsstellen Arbeit\u201c. Diese ersetzen die bisherigen Erwerbslosenberatungsstellen und f\u00fchren deren Arbeit fort. <strong><span style=\"color: #ff6600;\">Das Diakonische Werk Dinslaken hat mit seinen Kooperationspartnern, dem Diakonischen Werk Wesel und dem Diakonischen Werk Moers, im Rahmen eines Ausschreibungsverfahrens 2022 den Zuschlag als Tr\u00e4ger f\u00fcr die &#8222;Beratungsstellen Arbeit&#8220; im Kreis Wesel erhalten.<\/span><\/strong><\/p>\n<p>&nbsp;<\/p>\n<p>&nbsp;<\/p>\n<p>Ab dem 1. Januar 2023 finden <span style=\"color: #ff6600;\"><strong>arbeitslose und von Arbeitslosigkeit bedrohte Menschen<\/strong><\/span> an den drei Standorten Dinslaken, Rheinberg und Wesel Rat zu Qualifizierung und Besch\u00e4ftigung sowie Unterst\u00fctzung bei wirtschaftlichen, psychosozialen und rechtlichen Fragen. Au\u00dferdem werden k\u00fcnftig an allen Standorten niedrigschwellige Begegnungsm\u00f6glichkeiten angeboten.<\/p>\n<p>Zugleich werden die Beratungsstellen einen neuen <span style=\"color: #ff6600;\"><strong>Schwerpunkt im Bereich der Arbeitsausbeutung<\/strong><\/span> haben. Dabei sind sie zentraler Teil des landesweiten Beratungsnetzwerkes gegen Arbeitsausbeutung. Als arbeitsausbeuterisch sind Besch\u00e4ftigungsverh\u00e4ltnisse einzuordnen, bei denen vorgeschriebene &#8211; gerechte und angemessene &#8211; Arbeitsbedingungen umgangen werden, zum Beispiel durch die Umgehung des gesetzlichen Mindestlohns, Verst\u00f6\u00dfe gegen das Arbeitszeitgesetz oder fehlende Lohnfortzahlung im Krankheitsfall.<\/p>\n<p>In der Beratung wird besonderer Wert auf die <span style=\"color: #ff6600;\"><strong>Zusammenarbeit mit Sprachdiensten<\/strong><\/span> gelegt, um m\u00f6glichst eine Verst\u00e4ndigung in der Landessprache zu gew\u00e4hrleisten. Einen wichtigen Teil der Beratungsarbeit bildet au\u00dferdem die Unterst\u00fctzung der Ratsuchenden bei der Suche nach Rechtsanw\u00e4lt*innen. Die Beratung findet in Sprechstunden, telefonisch, digital oder aufsuchend statt.<\/p>\n<p>Unsere \u201eBeratungsstelle Arbeit\u201c bringt bereits Erfahrungen mit der Zielgruppe der prek\u00e4r besch\u00e4ftigten Personen mit und ist mit den \u00fcbrigen Beratungsangeboten des Diakonischen Werks wie zum Beispiel der Schuldner- und Insolvenzberatung, der Ehe-, Familien- und Lebensberatung, der Fl\u00fcchtlingsberatung und der Schwangerschaftskonfliktberatung eng vernetzt.<\/p>\n<p>F\u00fcr den <span style=\"color: #0000ff;\"><strong>Standort Wesel am Berliner-Tor-Platz 1a , 46483 Wesel,2. OG im \u00c4rztehaus<\/strong><\/span>\u00a0ist der Sozialwissenschaftler Michel Goike zu folgenden Sprechzeiten f\u00fcr Sie erreichbar:<\/p>\n<p><span style=\"color: #0000ff;\">mittwochs 8.30 &#8211; 13.30 Uhr<\/span><br \/>\n<span style=\"color: #0000ff;\">donnerstags 12.30 &#8211; 17.30 Uhr<\/span><\/p>\n<p><strong>Machen Sie gerne einen Termin aus unter der Rufnummer 0176 40474797 oder nehmen Sie per <a href=\"mailto:michel.goike@ekir.de\" target=\"_blank\" rel=\"noopener\"><span style=\"color: #0000ff;\">E-Mail<\/span><\/a> Kontakt mit Herrn Goike auf.<\/strong><img loading=\"lazy\" decoding=\"async\" class=\"size-medium wp-image-1318 alignright\" src=\"https:\/\/diakoniewesel.de\/wp-content\/uploads\/2023\/01\/beratungsstellen_arbeit_logo-300x97.jpg\" alt=\"\" width=\"300\" height=\"97\" srcset=\"https:\/\/diakoniewesel.de\/wp-content\/uploads\/2023\/01\/beratungsstellen_arbeit_logo-300x97.jpg 300w, https:\/\/diakoniewesel.de\/wp-content\/uploads\/2023\/01\/beratungsstellen_arbeit_logo-768x249.jpg 768w, https:\/\/diakoniewesel.de\/wp-content\/uploads\/2023\/01\/beratungsstellen_arbeit_logo.jpg 982w\" sizes=\"auto, (max-width: 300px) 100vw, 300px\" \/><\/p>\n","protected":false},"excerpt":{"rendered":"<p>Ab 2021 f\u00f6rdert das Land NRW mit einem neuen Programm \u201eBeratungsstellen Arbeit\u201c. Diese ersetzen die bisherigen Erwerbslosenberatungsstellen und f\u00fchren deren Arbeit fort. Das Diakonische Werk Dinslaken hat mit seinen Kooperationspartnern, <a href=\"https:\/\/diakoniewesel.de\/index.php\/beratungsstelle-arbeit\/\" class=\"more-link\">[&hellip;]<\/a><\/p>\n","protected":false},"author":3,"featured_media":0,"parent":0,"menu_order":0,"comment_status":"closed","ping_status":"closed","template":"","meta":{"Layout":"","footnotes":""},"class_list":["entry","author-diakonie-orts","post-1313","page","type-page","status-publish"],"_links":{"self":[{"href":"https:\/\/diakoniewesel.de\/index.php\/wp-json\/wp\/v2\/pages\/1313","targetHints":{"allow":["GET"]}}],"collection":[{"href":"https:\/\/diakoniewesel.de\/index.php\/wp-json\/wp\/v2\/pages"}],"about":[{"href":"https:\/\/diakoniewesel.de\/index.php\/wp-json\/wp\/v2\/types\/page"}],"author":[{"embeddable":true,"href":"https:\/\/diakoniewesel.de\/index.php\/wp-json\/wp\/v2\/users\/3"}],"replies":[{"embeddable":true,"href":"https:\/\/diakoniewesel.de\/index.php\/wp-json\/wp\/v2\/comments?post=1313"}],"version-history":[{"count":17,"href":"https:\/\/diakoniewesel.de\/index.php\/wp-json\/wp\/v2\/pages\/1313\/revisions"}],"predecessor-version":[{"id":1761,"href":"https:\/\/diakoniewesel.de\/index.php\/wp-json\/wp\/v2\/pages\/1313\/revisions\/1761"}],"wp:attachment":[{"href":"https:\/\/diakoniewesel.de\/index.php\/wp-json\/wp\/v2\/media?parent=1313"}],"curies":[{"name":"wp","href":"https:\/\/api.w.org\/{rel}","templated":true}]}}