{"id":14,"date":"2016-09-15T16:38:51","date_gmt":"2016-09-15T14:38:51","guid":{"rendered":"http:\/\/hsnetworks.de\/websites\/diakonie-neu\/?page_id=14"},"modified":"2024-06-04T14:16:06","modified_gmt":"2024-06-04T12:16:06","slug":"betreuungsverein","status":"publish","type":"page","link":"https:\/\/diakoniewesel.de\/index.php\/betreuungsverein\/","title":{"rendered":"Betreuungsverein"},"content":{"rendered":"<blockquote>\n<p><img loading=\"lazy\" decoding=\"async\" class=\"size-medium wp-image-98 aligncenter\" src=\"https:\/\/diakoniewesel.de\/wp-content\/uploads\/2016\/10\/keyvisual-betreuungen2-300x200.jpg\" alt=\"keyvisual-betreuungen2\" width=\"300\" height=\"200\" \/><br \/>\n\u2022 <a href=\"https:\/\/diakoniewesel.de\/index.php\/fragen-zu-den-themen-betreuung-sowie-vorsorgevollmacht-und-betreuungsverfuegung\/\">FAQ-Betreuung<\/a><br \/>\n\u2022 <a href=\"https:\/\/diakoniewesel.de\/index.php\/fragen-zur-betreuungsverfuegung\/\">FAQ-Betreuungsverf\u00fcgung<\/a><br \/>\n\u2022 <a href=\"https:\/\/diakoniewesel.de\/index.php\/fragen-zur-vorsorgevollmacht\/\">FAQ-Vorsorgevollmacht<\/a><\/p>\n<\/blockquote>\n<p>&nbsp;<\/p>\n<h2>Angelegenheiten des t\u00e4glichen Lebens werden nicht mehr bew\u00e4ltigt<\/h2>\n<p>Menschen geraten manchmal in Situationen, in denen sie ganz oder teilweise nicht mehr in der Lage sind, die Angelegenheiten des t\u00e4glichen Lebens alleine zu bew\u00e4ltigen. <strong>Die Ursachen hierf\u00fcr k\u00f6nnen sehr vielf\u00e4ltig sein:<\/strong> altersbedingte Krankheiten wie z. B. Alzheimer oder Demenz, psychische Erkrankungen, geistige oder seelische Behinderung.<\/p>\n<h2>Rechtliche Betreuung erm\u00f6glicht erste Schritte in diesen Situationen<\/h2>\n<p>Zur rechtlichen und pers\u00f6nlichen Unterst\u00fctzung dieser Menschen sieht das Gesetz vor, dass f\u00fcr einen bestimmten Zeitraum und einen fest umrissenen Wirkungskreis eine sogenannte rechtliche Betreuung eingerichtet wird. Dies geschieht entweder auf Wunsch der \/ des Betroffenen oder durch Antrag anderer Personen aus dem n\u00e4heren oder weiteren Umfeld, z. B. Verwandte oder Bekannte, aber auch Einrichtungen wie Heime oder ambulante Pflegedienste. Es wird in einem umfangreichen, aufw\u00e4ndigen Verfahren zun\u00e4chst gekl\u00e4rt, ob \u00fcberhaupt und wenn, in welchem Umfang eine Betreuung eingerichtet werden soll. Der letzte Schritt besteht dann in der Bestellung einer Betreuerin oder eines Betreuers durch Beschluss des zust\u00e4ndigen Betreuungsgerichtes.<\/p>\n<p>Bestellt werden k\u00f6nnen alle vollj\u00e4hrigen Personen, die nach vorangegangener \u00dcberpr\u00fcfung f\u00fcr geeignet gehalten werden. Die meisten Betreuungen werden ehrenamtlich, vor allem durch Verwandte oder Bekannte gef\u00fchrt. Daneben gibt es aber staatlich anerkannte Vereine bei den Kirchen und den Wohlfahrtsverb\u00e4nden, bei denen sogenannte Vereinsbetreuerinnen und -betreuer t\u00e4tig sind. Eine solche, beruflich gef\u00fchrte Betreuung ist kostenfrei, sofern die betreute Person \u00fcber kein ausreichendes Einkommen oder Verm\u00f6gen verf\u00fcgt, was vom Gericht zu \u00fcberpr\u00fcfen ist.<\/p>\n<h2>Der Betreuungsverein des Diakonischen Werkes Wesel hilft in Ihrem konkreten Fall<\/h2>\n<p>Der Betreuungsverein im Diakonischen Werk Wesel besch\u00e4ftigt qualifizierte Mitarbeitende, die solche Betreuungen kompetent, zuverl\u00e4ssig und absolut vertraulich f\u00fchren. Au\u00dferdem werben, qualifizieren und beraten sie Personen, die ehrenamtlich einen Menschen betreuen.<\/p>\n<p>Unser fachlicher Anspruch beim F\u00fchren einer Betreuung ist, die Selbstbestimmung des betreuten Menschen sicherzustellen und ihn gleichzeitig vor Sch\u00e4digungen, Ausbeutung und Fremdbestimmung zu sch\u00fctzen. Im Mittelpunkt steht das individuelle und subjektive Wohl der betreuten Person. Wichtige Angelegenheiten werden daher vor ihrer Erledigung mit dem Menschen\u00a0 besprochen, um seine W\u00fcnsche und eigenen Vorstellungen ber\u00fccksichtigen zu k\u00f6nnen.<\/p>\n<p>Wir haben Ende 2015 einen Qualit\u00e4tsmanagementprozess mit einem Zertifikat\u00a0 abgeschlossen und f\u00fchren ihn intern kontinuierlich weiter. Damit versuchen wir, permanent unsere Arbeitsprozesse, unsere Ziele und Methoden sowie die Qualit\u00e4t unserer Angebote zu \u00fcberpr\u00fcfen und zu verbessern.<\/p>\n<p><strong>Sollten Sie Fragen zum Thema rechtliche Betreuung haben oder interessiert an einer ehrenamtlichen Betreuung sein, wenden Sie sich vertrauensvoll an uns. Erreichbar sind wir in der Regel montags bis donnerstags von 9 &#8211; 12 Uhr und 14 &#8211; 16 Uhr sowie freitags von 9 &#8211; 12 Uhr. Besser ist aber eine vorherige telefonische Terminabsprache.<\/strong><\/p>\n<h2>Sprechstunde zu\u00a0Vorsorgevollmacht und ehrenamtlicher Betreuung<\/h2>\n<p>Seit Herbst 2013 beraten wir Menschen, die ehrenamtlich eine rechtliche Betreuung f\u00fchren oder f\u00fchren m\u00f6chten, w\u00e4hrend unserer Sprechzeiten, selbstverst\u00e4ndlich kostenlos und vertraulich. Sie k\u00f6nnen sich jederzeit telefonisch oder pers\u00f6nlich an uns wenden. Unsere Fachkr\u00e4fte beraten au\u00dferdem zu den Themen Vorsorgevollmacht und Betreuungsverf\u00fcgung. Auch sind Informationen zur Patientenverf\u00fcgung erh\u00e4ltlich. Zus\u00e4tzlich bieten wir regelm\u00e4\u00dfig Vortr\u00e4ge zu diesen Themen in Wesel und in Hamminkeln an. Die Termine erfahren Sie auf der Homepage unserer <span style=\"color: #0000ff;\"><a style=\"color: #0000ff;\" href=\"http:\/\/fbs.diakoniewesel.de\" target=\"_blank\" rel=\"noopener noreferrer\">Familienbildungsst\u00e4tte<\/a><\/span>.<br \/>\nAls weiteren Service f\u00fcr Ehrenamtliche bieten wir seit 2019 die M\u00f6glichkeit, den regelm\u00e4\u00dfig von unserem Landesverband herausgegebenen Infobrief <span style=\"color: #0000ff;\"><a style=\"color: #0000ff;\" href=\"https:\/\/diakoniewesel.de\/wp-content\/uploads\/2024\/06\/Querbeet2024-05-23.pdf\" target=\"_blank\" rel=\"noopener noreferrer\">&#8222;Querbe(e)t&#8220;<\/a><\/span> herunterzuladen.\u00a0<\/p>\n<p>&nbsp;<\/p>\n<p><strong>Jasmin Schl\u00fcmer, Abteilungsleitung<\/strong><br \/>\nTel.: 0281 156-233, <span style=\"color: #ff6600;\"><a style=\"color: #ff6600;\" href=\"mailto:%20schluemer@diakonie-wesel.de\">E-Mail<\/a><br \/>\n<\/span>\u00a0 \u00a0 \u00a0 \u00a0 \u00a00176 550 856 07<\/p>\n<p><strong>Ina Mahr<br \/>\n<\/strong>Tel.: 0281 156-230, <span style=\"color: #ff6600;\"><a style=\"color: #ff6600;\" href=\"mailto:%20mahr@diakonie-wesel.de\">E-Mail<\/a><\/span><\/p>\n<p><strong>Anna Latzke<\/strong><br \/>\nTel.: 0281 156-231, <span style=\"color: #ff6600;\"><a style=\"color: #ff6600;\" href=\"mailto:%20latzke@diakonie-wesel.de\">E-Mail<\/a><br \/>\n<\/span>\u00a0 \u00a0 \u00a0 \u00a0 \u00a00176 565 307 56<\/p>\n<p><strong>Simone Kowalewski<br \/>\n<\/strong>Tel.: 0281 156-235, <a href=\"mailto:kowalewski@diakonie-wesel.de\">E-Mail<\/a><br \/>\n\u00a0 \u00a0 \u00a0 \u00a0 \u00a00176 565 307 60<\/p>\n<p>&nbsp;<\/p>\n<p>Dieses Beratungsangebot wird durch den Kirchenkreis Wesel, das\u00a0Land Nordrhein-Westfalen, den Kreis Wesel\u00a0sowie die St\u00e4dte Dinslaken und Wesel finanziell unterst\u00fctzt.<\/p>\n","protected":false},"excerpt":{"rendered":"<p>\u2022 FAQ-Betreuung \u2022 FAQ-Betreuungsverf\u00fcgung \u2022 FAQ-Vorsorgevollmacht &nbsp; Angelegenheiten des t\u00e4glichen Lebens werden nicht mehr bew\u00e4ltigt Menschen geraten manchmal in Situationen, in denen sie ganz oder teilweise nicht mehr in der <a href=\"https:\/\/diakoniewesel.de\/index.php\/betreuungsverein\/\" class=\"more-link\">[&hellip;]<\/a><\/p>\n","protected":false},"author":1,"featured_media":0,"parent":0,"menu_order":0,"comment_status":"closed","ping_status":"closed","template":"","meta":{"Layout":"","footnotes":""},"class_list":["entry","author-hsn-maser","post-14","page","type-page","status-publish"],"_links":{"self":[{"href":"https:\/\/diakoniewesel.de\/index.php\/wp-json\/wp\/v2\/pages\/14","targetHints":{"allow":["GET"]}}],"collection":[{"href":"https:\/\/diakoniewesel.de\/index.php\/wp-json\/wp\/v2\/pages"}],"about":[{"href":"https:\/\/diakoniewesel.de\/index.php\/wp-json\/wp\/v2\/types\/page"}],"author":[{"embeddable":true,"href":"https:\/\/diakoniewesel.de\/index.php\/wp-json\/wp\/v2\/users\/1"}],"replies":[{"embeddable":true,"href":"https:\/\/diakoniewesel.de\/index.php\/wp-json\/wp\/v2\/comments?post=14"}],"version-history":[{"count":64,"href":"https:\/\/diakoniewesel.de\/index.php\/wp-json\/wp\/v2\/pages\/14\/revisions"}],"predecessor-version":[{"id":1634,"href":"https:\/\/diakoniewesel.de\/index.php\/wp-json\/wp\/v2\/pages\/14\/revisions\/1634"}],"wp:attachment":[{"href":"https:\/\/diakoniewesel.de\/index.php\/wp-json\/wp\/v2\/media?parent=14"}],"curies":[{"name":"wp","href":"https:\/\/api.w.org\/{rel}","templated":true}]}}