{"id":185,"date":"2016-10-06T12:32:03","date_gmt":"2016-10-06T10:32:03","guid":{"rendered":"http:\/\/hsnetworks.de\/websites\/diakonie-neu\/?page_id=185"},"modified":"2022-08-11T13:24:58","modified_gmt":"2022-08-11T11:24:58","slug":"faq-insolvenz","status":"publish","type":"page","link":"https:\/\/diakoniewesel.de\/index.php\/faq-insolvenz\/","title":{"rendered":"FAQ &#8211; Insolvenz"},"content":{"rendered":"<h1><img loading=\"lazy\" decoding=\"async\" class=\"alignleft size-medium wp-image-107\" src=\"https:\/\/diakoniewesel.de\/wp-content\/uploads\/2016\/10\/keyvisual-schuldner-300x209.jpg\" alt=\"keyvisual-schuldner\" width=\"300\" height=\"209\" \/>Fragen zum Thema Insolvenzberatung:<\/h1>\n<h3>\nWer kann den Verbraucherinsolvenzantrag stellen?<\/h3>\n<ul>\n<li>\n<p>Alle Privatpersonen, die zahlungsunf\u00e4hig oder von Zahlungsunf\u00e4higkeit bedroht sind.\u00a0Ehemals selbstst\u00e4ndige Personen k\u00f6nnen den Antrag stellen, wenn sie weniger als 20 Gl\u00e4ubiger haben und gegen sie keine Forderungen aus Arbeitsverh\u00e4ltnissen (z. B. L\u00f6hne oder Sozialversicherungsabgaben von Mitarbeitenden) bestehen. Ist eines von beiden der Fall, ist die Regelinsolvenz zu beantragen.<\/p>\n<\/li>\n<\/ul>\n<h3>Was ist Zahlungsunf\u00e4higkeit?<\/h3>\n<ul>\n<li>\n<p>Wenn das zur Verf\u00fcgung stehende Einkommen oder Verm\u00f6gen nicht ausreicht, die offenen Forderungen in absehbarer Zeit zu begleichen. Im Allgemeinen orientiert man sich bei der Einsch\u00e4tzung dieser Frage an den Pf\u00e4ndungsfreigrenzen.<\/p>\n<\/li>\n<\/ul>\n<h3>Liegt der einzige Grund f\u00fcr das Insolvenzverfahren darin, dass ich irgendwann <br \/>\nkeine Schulden mehr habe?<\/h3>\n<ul>\n<li>\n<p>Mit der Er\u00f6ffnung des Insolvenzverfahrens tritt ein Vollstreckungsverbot in\u00a0Kraft. Au\u00dferdem sind alle\u00a0Gl\u00e4ubiger in das Verfahren eingebunden. Dies bedeutet f\u00fcr Sie, dass Pf\u00e4ndungsma\u00dfnahmen genauso aufh\u00f6ren wie der Zugang der &#8222;b\u00f6sen Briefe&#8220; Ihrer Gl\u00e4ubiger. F\u00fcr viele Menschen stellt das eine erhebliche Entlastung dar.<\/p>\n<\/li>\n<\/ul>\n<h3>Wird der Schuldnerin \/ dem Schuldner\u00a0alles Geld weggenommen?<\/h3>\n<ul>\n<li>\n<p>Nein, nur ein ggf. pf\u00e4ndbarer Teil des Einkommens wird vom Treuh\u00e4nder eingezogen.<\/p>\n<\/li>\n<\/ul>\n<h3>Werden alle Schulden erlassen?<\/h3>\n<ul>\n<li>\n<p>Es werden, bis auf Geldstrafen, Bu\u00dfgelder und sogenannte deliktische Forderungen, alle Schulden erlassen. Einen Sonderfall stellen die Kosten des Insolvenzverfahrens dar (n\u00e4heres hierzu siehe unten). Deliktische Forderungen sind solche, die aus einer vors\u00e4tzlich unerlaubt begangenen Handlung (z. B. Sch\u00e4den aus Betrugsf\u00e4llen oder Schadenersatz aus einer Sachbesch\u00e4digung) stammen.<\/p>\n<\/li>\n<\/ul>\n<h3>Was muss ich tun, um mich \u00fcber das Insolvenzverfahren zu entschulden?<\/h3>\n<ul>\n<li>\n<p>Zun\u00e4chst muss ich versuchen, mich\u00a0mit allen Gl\u00e4ubigern im Rahmen von Vergleichsverhandlungen zu einigen. <br \/>\nIn den meisten F\u00e4llen\u00a0scheitert dies. Erst dann darf der\u00a0Antrag auf Er\u00f6ffnung des Verbraucherinsolvenzverfahrens gestellt werden.<\/p>\n<\/li>\n<\/ul>\n<h3>Wie lange dauert es, bis ich schuldenfrei bin?<\/h3>\n<ul>\n<li>\n<p>Derzeit befindet sich das gesamte Verbraucherinsolvenzverfahren im Wandel, sodass wir zu gegebener Zeit an dieser Stelle \u00fcber die neuen Gegebenheiten informieren werden.<\/p>\n<\/li>\n<\/ul>\n<h3>Kostet die Beratung beim Diakonischen Werk etwas?<\/h3>\n<ul>\n<li>\n<p>Unsere\u00a0Beratung ist f\u00fcr Sie kostenlos.<\/p>\n<\/li>\n<\/ul>\n<h3>Entstehen mir durch das Verfahren Kosten?<\/h3>\n<ul>\n<li>\n<p>Das Verfahren und der Treuh\u00e4nder, der das pf\u00e4ndbare und zu verteilende Einkommen einzieht, verursachen Kosten, die verm\u00f6genslosen Menschen aber auf Antrag gestundet werden. Ist pf\u00e4ndbares Einkommen vorhanden, werden daraus die Kosten w\u00e4hrend der Wohlverhaltensperiode beglichen. Sind nach Erteilung der Restschuldbefreiung noch Kosten offen, k\u00f6nnen\u00a0maximal weitere\u00a0vier Jahre Ratenzahlungen zur Tilgung gefordert werden. Dies aber nur dann, wenn Ihre wirtschaftliche Situation es zul\u00e4sst. Nach den vier Jahren fallen alle dann noch offenen Kosten endg\u00fcltig der Staatskasse zur Last.<\/p>\n<\/li>\n<\/ul>\n","protected":false},"excerpt":{"rendered":"<p>Fragen zum Thema Insolvenzberatung: Wer kann den Verbraucherinsolvenzantrag stellen? Alle Privatpersonen, die zahlungsunf\u00e4hig oder von Zahlungsunf\u00e4higkeit bedroht sind.\u00a0Ehemals selbstst\u00e4ndige Personen k\u00f6nnen den Antrag stellen, wenn sie weniger als 20 Gl\u00e4ubiger <a href=\"https:\/\/diakoniewesel.de\/index.php\/faq-insolvenz\/\" class=\"more-link\">[&hellip;]<\/a><\/p>\n","protected":false},"author":2,"featured_media":0,"parent":0,"menu_order":0,"comment_status":"closed","ping_status":"closed","template":"","meta":{"Layout":"","footnotes":""},"class_list":["entry","author-hsn-master","post-185","page","type-page","status-publish"],"_links":{"self":[{"href":"https:\/\/diakoniewesel.de\/index.php\/wp-json\/wp\/v2\/pages\/185","targetHints":{"allow":["GET"]}}],"collection":[{"href":"https:\/\/diakoniewesel.de\/index.php\/wp-json\/wp\/v2\/pages"}],"about":[{"href":"https:\/\/diakoniewesel.de\/index.php\/wp-json\/wp\/v2\/types\/page"}],"author":[{"embeddable":true,"href":"https:\/\/diakoniewesel.de\/index.php\/wp-json\/wp\/v2\/users\/2"}],"replies":[{"embeddable":true,"href":"https:\/\/diakoniewesel.de\/index.php\/wp-json\/wp\/v2\/comments?post=185"}],"version-history":[{"count":7,"href":"https:\/\/diakoniewesel.de\/index.php\/wp-json\/wp\/v2\/pages\/185\/revisions"}],"predecessor-version":[{"id":1256,"href":"https:\/\/diakoniewesel.de\/index.php\/wp-json\/wp\/v2\/pages\/185\/revisions\/1256"}],"wp:attachment":[{"href":"https:\/\/diakoniewesel.de\/index.php\/wp-json\/wp\/v2\/media?parent=185"}],"curies":[{"name":"wp","href":"https:\/\/api.w.org\/{rel}","templated":true}]}}