{"id":212,"date":"2016-10-07T15:54:44","date_gmt":"2016-10-07T13:54:44","guid":{"rendered":"http:\/\/diakoniewesel.de\/diakonie-neu\/?page_id=212"},"modified":"2018-01-10T12:37:57","modified_gmt":"2018-01-10T11:37:57","slug":"212-2","status":"publish","type":"page","link":"https:\/\/diakoniewesel.de\/index.php\/212-2\/","title":{"rendered":"Online-Anmeldung"},"content":{"rendered":"<p style=\"text-align: left;\"><img loading=\"lazy\" decoding=\"async\" class=\"alignleft size-medium wp-image-98\" src=\"http:\/\/diakoniewesel.de\/diakonie-neu\/wp-content\/uploads\/2016\/11\/Fahne-Blume-bunt.jpg\" alt=\"Fahne-Blume-bunt\" width=\"300\" height=\"200\" \/><\/p>\n<p style=\"width: 100%;\"><b>\u00dcber dieses Online-Modul k\u00f6nnen Sie sich f\u00fcr die aktuellen Kurse 2018 der Familienbildungsst\u00e4tte Wesel und Emmerich anmelden.<\/b><\/p>\n<div id=\"wrapper\">\n<p>&nbsp;<\/p>\n<p>&nbsp;<\/p>\n<p>[insert_php] include(&#8222;.\/Veranstaltungen\/view\/view.php&#8220;); [\/insert_php]<\/p>\n<\/div>\n<div>\u00a0<\/div>\n<div id=\"warning-message\"><b>Das Smartphone bitte quer halten.<\/b><\/div>\n","protected":false},"excerpt":{"rendered":"<p>\u00dcber dieses Online-Modul k\u00f6nnen Sie sich f\u00fcr die aktuellen Kurse 2018 der Familienbildungsst\u00e4tte Wesel und Emmerich anmelden. &nbsp; &nbsp; [insert_php] include(&#8222;.\/Veranstaltungen\/view\/view.php&#8220;); [\/insert_php] \u00a0 Das Smartphone bitte quer halten.<\/p>\n","protected":false},"author":2,"featured_media":0,"parent":0,"menu_order":0,"comment_status":"closed","ping_status":"closed","template":"","meta":{"Layout":"","footnotes":""},"class_list":["entry","author-hsn-master","post-212","page","type-page","status-publish"],"_links":{"self":[{"href":"https:\/\/diakoniewesel.de\/index.php\/wp-json\/wp\/v2\/pages\/212","targetHints":{"allow":["GET"]}}],"collection":[{"href":"https:\/\/diakoniewesel.de\/index.php\/wp-json\/wp\/v2\/pages"}],"about":[{"href":"https:\/\/diakoniewesel.de\/index.php\/wp-json\/wp\/v2\/types\/page"}],"author":[{"embeddable":true,"href":"https:\/\/diakoniewesel.de\/index.php\/wp-json\/wp\/v2\/users\/2"}],"replies":[{"embeddable":true,"href":"https:\/\/diakoniewesel.de\/index.php\/wp-json\/wp\/v2\/comments?post=212"}],"version-history":[{"count":26,"href":"https:\/\/diakoniewesel.de\/index.php\/wp-json\/wp\/v2\/pages\/212\/revisions"}],"predecessor-version":[{"id":535,"href":"https:\/\/diakoniewesel.de\/index.php\/wp-json\/wp\/v2\/pages\/212\/revisions\/535"}],"wp:attachment":[{"href":"https:\/\/diakoniewesel.de\/index.php\/wp-json\/wp\/v2\/media?parent=212"}],"curies":[{"name":"wp","href":"https:\/\/api.w.org\/{rel}","templated":true}]}}