{"id":22,"date":"2016-09-15T16:40:31","date_gmt":"2016-09-15T14:40:31","guid":{"rendered":"http:\/\/hsnetworks.de\/websites\/diakonie-neu\/?page_id=22"},"modified":"2026-01-22T09:30:57","modified_gmt":"2026-01-22T08:30:57","slug":"fachberatung-fuer-kindertagesstaetten","status":"publish","type":"page","link":"https:\/\/diakoniewesel.de\/index.php\/fachberatung-fuer-kindertagesstaetten\/","title":{"rendered":"Fachberatung f\u00fcr Kindertagesst\u00e4tten"},"content":{"rendered":"<p><img loading=\"lazy\" decoding=\"async\" class=\"alignleft\" src=\"https:\/\/diakoniewesel.de\/wp-content\/uploads\/2022\/11\/Kita-Bild.jpeg\" width=\"345\" height=\"231\" \/><\/p>\n<p>&nbsp;<\/p>\n<p>&nbsp;<\/p>\n<p>&nbsp;<\/p>\n<p>\u2022 <span style=\"color: #0000ff;\"><a href=\"https:\/\/diakoniewesel.de\/wp-content\/uploads\/2026\/01\/Fobis-WES-KLE-2026-2.pdf\">Fortbildungskatalog 2026<\/a>\u00a0<\/span><\/p>\n<p>&nbsp;<\/p>\n<p>&nbsp;<\/p>\n<h2>\u00a0<\/h2>\n<h2><span style=\"color: #ff00ff;\">Fachberatung<\/span><\/h2>\n<p>f\u00fcr Kindertageseinrichtungen ist ein Beratungsangebot des Kirchenkreises Wesel f\u00fcr 13 Kitas in dem Kirchenkreis Wesel.\u00a0<br \/>\nDie Kita-Fachberatung ist Anlaufstelle f\u00fcr die Tr\u00e4ger der Kindertageseinrichtungen, f\u00fcr die Leitungen und Mitarbeitenden der Einrichtungen, sowie Schnittstelle f\u00fcr politische Gremien, Jugend\u00e4mter und Spitzenverband.<\/p>\n<p>Sie<\/p>\n<ul>\n<li>unterst\u00fctzt Tr\u00e4ger bei ihren vielf\u00e4ltigen Aufgaben der Personalentwicklung, Finanzierung, Weiterentwicklung der Tageseinrichtungen entsprechend gesellschaftlicher und politischer Rahmenbedingungen.<\/li>\n<li>begleitet die p\u00e4dagogischen Mitarbeiterinnen und Mitarbeiter bei der Entwicklung p\u00e4dagogischer Konzepte und Qualit\u00e4tssicherung und steht f\u00fcr Organisationsberatung, Teamberatung und Krisenmanagement zur Verf\u00fcgung<\/li>\n<li>vertritt die Interessen der evangelischen Kita-Tr\u00e4ger und hilft den Einrichtungen, ihr evangelisches Profil zu st\u00e4rken<\/li>\n<li>organisiert Fortbildungs- und Qualifizierungsangebote f\u00fcr Leitungen und Mitarbeitende und koordiniert kollegiale Zusammenarbeit<\/li>\n<li>sorgt f\u00fcr Netzwerkarbeit mit unterschiedlichen Akteuren der fr\u00fchkindlichen Bildung<\/li>\n<\/ul>\n<h3>Links:<\/h3>\n<ul>\n<li style=\"list-style-type: none;\">\n<ul>\n<li><span style=\"color: #0000ff;\"><a style=\"color: #0000ff;\" href=\"http:\/\/www.kirchenkreis-wesel.de\/\">Kirchenkreis Wesel<\/a><\/span><\/li>\n<\/ul>\n<\/li>\n<\/ul>\n<p>&nbsp;<\/p>\n<p>Sie erreichen unsere <span style=\"color: #ff00ff;\"><strong>Fachberaterin Jessica Kieselstein<\/strong><\/span><br \/>\ntelefonisch unter 0281 156-203, <br \/>\nmobil \u00a00151-63 375 055 <br \/>\noder per\u00a0<span style=\"color: #0000ff;\"><a style=\"color: #0000ff;\" href=\"mailto:jessica.kieselstein@kirchenkreis-wesel.net\">E-Mail.<\/a><\/span><\/p>\n<p>B\u00fcro: Diakonisches Werk Wesel,\u00a0<br \/>\nFriedrichstra\u00dfe 3, 46483 Wesel<\/p>\n<p>Dieses Beratungsangebot wird finanziell durch die Kirchengemeinden in dem Kirchenkreis Wesel\u00a0 getragen.<\/p>\n","protected":false},"excerpt":{"rendered":"<p>&nbsp; &nbsp; &nbsp; \u2022 Fortbildungskatalog 2026\u00a0 &nbsp; &nbsp; \u00a0 Fachberatung f\u00fcr Kindertageseinrichtungen ist ein Beratungsangebot des Kirchenkreises Wesel f\u00fcr 13 Kitas in dem Kirchenkreis Wesel.\u00a0 Die Kita-Fachberatung ist Anlaufstelle f\u00fcr <a href=\"https:\/\/diakoniewesel.de\/index.php\/fachberatung-fuer-kindertagesstaetten\/\" class=\"more-link\">[&hellip;]<\/a><\/p>\n","protected":false},"author":1,"featured_media":0,"parent":0,"menu_order":0,"comment_status":"closed","ping_status":"closed","template":"","meta":{"Layout":"","footnotes":""},"class_list":["entry","author-hsn-maser","post-22","page","type-page","status-publish"],"_links":{"self":[{"href":"https:\/\/diakoniewesel.de\/index.php\/wp-json\/wp\/v2\/pages\/22","targetHints":{"allow":["GET"]}}],"collection":[{"href":"https:\/\/diakoniewesel.de\/index.php\/wp-json\/wp\/v2\/pages"}],"about":[{"href":"https:\/\/diakoniewesel.de\/index.php\/wp-json\/wp\/v2\/types\/page"}],"author":[{"embeddable":true,"href":"https:\/\/diakoniewesel.de\/index.php\/wp-json\/wp\/v2\/users\/1"}],"replies":[{"embeddable":true,"href":"https:\/\/diakoniewesel.de\/index.php\/wp-json\/wp\/v2\/comments?post=22"}],"version-history":[{"count":55,"href":"https:\/\/diakoniewesel.de\/index.php\/wp-json\/wp\/v2\/pages\/22\/revisions"}],"predecessor-version":[{"id":1781,"href":"https:\/\/diakoniewesel.de\/index.php\/wp-json\/wp\/v2\/pages\/22\/revisions\/1781"}],"wp:attachment":[{"href":"https:\/\/diakoniewesel.de\/index.php\/wp-json\/wp\/v2\/media?parent=22"}],"curies":[{"name":"wp","href":"https:\/\/api.w.org\/{rel}","templated":true}]}}