{"id":24,"date":"2016-09-15T16:40:51","date_gmt":"2016-09-15T14:40:51","guid":{"rendered":"http:\/\/hsnetworks.de\/websites\/diakonie-neu\/?page_id=24"},"modified":"2026-03-20T11:24:08","modified_gmt":"2026-03-20T10:24:08","slug":"fsj-in-integrationsklassen","status":"publish","type":"page","link":"https:\/\/diakoniewesel.de\/index.php\/fsj-in-integrationsklassen\/","title":{"rendered":"FSJ in Integrationsklassen"},"content":{"rendered":"<h2><img loading=\"lazy\" decoding=\"async\" class=\"alignleft size-medium wp-image-102\" src=\"https:\/\/diakoniewesel.de\/wp-content\/uploads\/2016\/10\/keyvisual-fsj-300x200.jpg\" alt=\"keyvisual-fsj\" width=\"300\" height=\"200\" \/><span style=\"color: #008080;\">Begleitung benachteiligter Kinder und Jugendlicher erm\u00f6glicht Besuch einer Regelschule<\/span><\/h2>\n<p>Durch erg\u00e4nzende und unterst\u00fctzende Betreuung und Begleitung im Rahmen der so genannten Integrationsklassen soll Kindern und Jugendlichen mit einer emotionalen, sozialen oder Lernbeeintr\u00e4chtigung die Teilnahme am Unterricht an Regelschulen erm\u00f6glicht werden. So wird der ansonsten notwendige Besuch der Sonder- oder F\u00f6rderschule vermieden.<\/p>\n<p>&nbsp;<\/p>\n<p>Die Betreuung\u00a0findet in der Regel im Unterricht statt, an den Grundschulen nachmittags auch in der Betreuung im Rahmen Offener Ganztagsschulen.<\/p>\n<h2><span style=\"color: #008080;\">Als Erg\u00e4nzungskraft im Freiwilligen Sozialen Jahr<\/span><\/h2>\n<p>Hierzu besch\u00e4ftigt\u00a0das Diakonische Werk Wesel\u00a0derzeit\u00a021 Erg\u00e4nzungskr\u00e4fte in den Integrationsklassen, die im, vor und nach dem Unterricht\u00a0den beeintr\u00e4chtigten Kindern und Jugendlichen zur Verf\u00fcgung stehen.<\/p>\n<p>Zielgruppe f\u00fcr ein Freiwilliges Soziales Jahr (FSJ)\u00a0sind junge Menschen im Alter zwischen 17 und 26 Jahren. Die Zeit ist erfahrungsgem\u00e4\u00df auch f\u00fcr eine berufliche Orientierung von Nutzen, wenn z. B. ein Lehramtsstudium oder ein sozialer Beruf angestrebt wird. Eine qualifizierte p\u00e4dagogische Begleitung ist seitens\u00a0des Anstellungstr\u00e4gers sichergestellt. Dar\u00fcber hinaus finden in regelm\u00e4\u00dfigen Abst\u00e4nden Treffen im Diakonischen Werk statt, um sich auszutauschen und auch andere soziale Arbeitsfelder kennenzulernen.<\/p>\n<p>Es wird ein mtl. Taschengeld in H\u00f6he von 507 \u20ac inkl. Fahrtkostenpauschale gew\u00e4hrt. Anstellungstr\u00e4ger ist die Diakonie Rheinland-Westfalen-Lippe, auf deren <span style=\"color: #0000ff;\"><a style=\"color: #0000ff;\" href=\"http:\/\/www.diakonie-rwl.de\/\" target=\"_blank\" rel=\"noopener noreferrer\">Homepage<\/a><\/span> weitere Informationen zum FSJ einzusehen sind.<\/p>\n<h2><span style=\"color: #008080;\">Die Aufgaben:<\/span><\/h2>\n<p>Diese\u00a0T\u00e4tigkeit l\u00e4sst sich nach folgenden Leistungsmerkmalen beschreiben:<\/p>\n<ul>\n<li>Beteiligung an der Vor- und Nachbereitung der Unterrichtseinheiten<\/li>\n<li>Erledigung von Anschaffungen \/ Besorgungen im Zusammenhang mit der Betreuung<\/li>\n<li>Begleitung bei schulischen und au\u00dferschulischen Projekten der Integrationsklassen<\/li>\n<li>Ggf. Unterst\u00fctzung in den Ganztagsschulen\u00a0am Nachmittag<\/li>\n<li>Begleitung und Reflexion durch eine p\u00e4dagogische Fachkraft<\/li>\n<\/ul>\n<p>Sollte Ihr Interesse an dieser abwechslungsreichen und spannenden T\u00e4tigkeit geweckt worden sein, wenden Sie sich an uns. Die Bewerbung mit tabellarischem Lebenslauf, Lichtbild und dem letzten Zeugnis ist zu richten an das <span style=\"color: #0000ff;\">Diakonische Werk Wesel, Friedrichstra\u00dfe 3, 46483 Wesel, zu H\u00e4nden <strong>Helen Esser.<\/strong> <\/span><\/p>\n<p><span style=\"color: #000000;\">Frau Esser steht Ihnen f\u00fcr R\u00fcckfragen auch gerne telefonisch unter der <strong>Rufnummer\u00a0 0151 74447320<\/strong>\u00a0oder per<a style=\"color: #000000;\" href=\"mailto:%20helen.esser@diakonie-wesel.de\" target=\"_blank\" rel=\"noopener\"> E-Mail<\/a> zur Verf\u00fcgung.\u00a0<\/span><\/p>\n<h3><span style=\"color: #000000;\">Wir sind f\u00fcr Sie dar\u00fcber hinaus zu den \u00fcblichen Gesch\u00e4ftszeiten im Sekretariat unter 0281 156-200 erreichbar.<\/span><\/h3>\n<p>&nbsp;<\/p>\n<p>&nbsp;<\/p>\n<p>&nbsp;<\/p>\n","protected":false},"excerpt":{"rendered":"<p>Begleitung benachteiligter Kinder und Jugendlicher erm\u00f6glicht Besuch einer Regelschule Durch erg\u00e4nzende und unterst\u00fctzende Betreuung und Begleitung im Rahmen der so genannten Integrationsklassen soll Kindern und Jugendlichen mit einer emotionalen, sozialen <a href=\"https:\/\/diakoniewesel.de\/index.php\/fsj-in-integrationsklassen\/\" class=\"more-link\">[&hellip;]<\/a><\/p>\n","protected":false},"author":1,"featured_media":0,"parent":0,"menu_order":0,"comment_status":"closed","ping_status":"closed","template":"","meta":{"Layout":"","footnotes":""},"class_list":["entry","author-hsn-maser","post-24","page","type-page","status-publish"],"_links":{"self":[{"href":"https:\/\/diakoniewesel.de\/index.php\/wp-json\/wp\/v2\/pages\/24","targetHints":{"allow":["GET"]}}],"collection":[{"href":"https:\/\/diakoniewesel.de\/index.php\/wp-json\/wp\/v2\/pages"}],"about":[{"href":"https:\/\/diakoniewesel.de\/index.php\/wp-json\/wp\/v2\/types\/page"}],"author":[{"embeddable":true,"href":"https:\/\/diakoniewesel.de\/index.php\/wp-json\/wp\/v2\/users\/1"}],"replies":[{"embeddable":true,"href":"https:\/\/diakoniewesel.de\/index.php\/wp-json\/wp\/v2\/comments?post=24"}],"version-history":[{"count":23,"href":"https:\/\/diakoniewesel.de\/index.php\/wp-json\/wp\/v2\/pages\/24\/revisions"}],"predecessor-version":[{"id":1794,"href":"https:\/\/diakoniewesel.de\/index.php\/wp-json\/wp\/v2\/pages\/24\/revisions\/1794"}],"wp:attachment":[{"href":"https:\/\/diakoniewesel.de\/index.php\/wp-json\/wp\/v2\/media?parent=24"}],"curies":[{"name":"wp","href":"https:\/\/api.w.org\/{rel}","templated":true}]}}