{"id":26,"date":"2016-09-15T16:41:13","date_gmt":"2016-09-15T14:41:13","guid":{"rendered":"http:\/\/hsnetworks.de\/websites\/diakonie-neu\/?page_id=26"},"modified":"2025-01-29T10:20:04","modified_gmt":"2025-01-29T09:20:04","slug":"offene-ganztagsschulen","status":"publish","type":"page","link":"https:\/\/diakoniewesel.de\/index.php\/offene-ganztagsschulen\/","title":{"rendered":"Offene Ganztagsschulen"},"content":{"rendered":"<h2><img loading=\"lazy\" decoding=\"async\" class=\"alignleft size-medium wp-image-106\" src=\"https:\/\/diakoniewesel.de\/wp-content\/uploads\/2016\/10\/keyvisual-offene-ganztagsschulen-300x200.jpg\" alt=\"keyvisual-offene-ganztagsschulen\" width=\"300\" height=\"200\" \/><span style=\"color: #99cc00;\">Im Angebot seit 1994<\/span><\/h2>\n<p>Seit 1994 betreuen ErzieherInnen des Diakonischen Werkes in Grundschulen Kinder nach dem Ende des Unterrichtes, zuerst im Rahmen des Landesprogramms \u201eGeregelte Halbtagsschule \/ Schule von acht bis eins\u201c, mittlerweile fast ausschlie\u00dflich in offenen Ganztagsschulen.<\/p>\n<h2>\u00a0<\/h2>\n<h2>\u00a0<br \/>\n<span style=\"color: #99cc00;\">Verl\u00e4ssliche Betreuung nach Schulschluss!<\/span><\/h2>\n<p>Die Vereinbarkeit von Familie und Beruf ist nicht immer einfach. Der Offene Ganztag bietet eine verl\u00e4ssliche und p\u00e4dagogisch wertvolle L\u00f6sung an.\u00a0<\/p>\n<p>Neben der Begleitung bei den Hausaufgaben und Lernzeiten, k\u00f6nnen die Kinder in AGs, Projekten und oder einfach im Freispiel kindgerecht den Nachmittag verbringen. Ein warmes Mittagessen darf hierbei nat\u00fcrlich nicht fehlen.\u00a0<\/p>\n<p><span style=\"font-size: 14pt;\"><strong>\u00d6ffnungszeiten<\/strong><\/span><\/p>\n<p>W\u00e4hrend der Schulzeit ist der Offene Ganztag von Unterrichtsende bis 16.30 Uhr, in Schermbeck bis 17 Uhr ge\u00f6ffnet.\u00a0<\/p>\n<p>Die Ferienbetreuung ist je nach Standort unterschiedlich geregelt. Mindestens jedoch eine Woche jeweils in den Oster- und Herbstferien, drei Wochen in den Sommerferien und ab dem 1. Werktag den neuen Jahres bis zum Schulbeginn.\u00a0<\/p>\n<p><span style=\"font-size: 14pt;\"><strong>Kosten<\/strong><\/span><\/p>\n<p>Es werden Elternbeitr\u00e4ge gestaffelt nach Einkommen erhoben. Die aktuellen Beitragss\u00e4tze werden per Satzung durch die Gemeinde Schermbeck, die Stadt Hamminkeln und die Stadt Wesel festgesetzt.<\/p>\n<p>Hinzu kommen die Kosten der Mittagsmahlzeit. Die Kosten hierf\u00fcr sind je nach Standort unterschiedlich. Sprechen Sie uns gerne f\u00fcr n\u00e4here Informationen an!\u00a0<\/p>\n<p><span style=\"color: #99cc00;\"><strong>Bildung und Teilhabe<\/strong><\/span><br \/>\nUnter bestimmten Voraussetzungen k\u00f6nnen Zusch\u00fcsse gew\u00e4hrt werden bzw. Beitr\u00e4ge entfallen.<br \/>\nWeitere Informationen hierzu finden Sie auf der Internetseite des Jobcenter Kreis Wesel:\u00a0<a href=\"http:\/\/www.jobcenter-kreis-wesel.de\/jc\/inhalt\/paket-bildung-und-teilhabe\" target=\"_blank\" rel=\"noopener\">www.jobcenter-kreis-wesel.de<\/a><\/p>\n<p><span style=\"font-size: 14pt;\"><strong>Unsere Standorte<\/strong><\/span><\/p>\n<p><strong>\u2022 <a href=\"https:\/\/ggs-innenstadt-wesel.com\/\" target=\"_blank\" rel=\"noopener noreferrer\"><span style=\"color: #0000ff;\">Gemeinschaftsgrundschule Innenstadt<\/span>\u00a0<\/a><\/strong><strong><br \/>\n\u2022 <a href=\"https:\/\/grundschule-schermbeck.de\/\" target=\"_blank\" rel=\"noopener noreferrer\"><span style=\"color: #0000ff;\">Gemeinschaftsgrundschule Schermbeck<\/span><\/a><\/strong>\u00a0<strong><br \/>\n\u2022 <span style=\"color: #0000ff;\"><a style=\"color: #0000ff;\" href=\"http:\/\/www.grundschule-bruenen.de\/\" target=\"_blank\" rel=\"noopener noreferrer\">Hermann-Landwehr-Gemeinschaftsgrundschule<\/a><\/span><\/strong>\u00a0<strong><br \/>\n\u2022 <span style=\"color: #0000ff;\"><a style=\"color: #0000ff;\" href=\"http:\/\/www.ggs-konrad-duden.de\/\" target=\"_blank\" rel=\"noopener noreferrer\">Konrad-Duden-Gemeinschaftsgrundschule<\/a><\/span><\/strong>\u00a0<br \/>\n\u2022 <a href=\"https:\/\/www.gs-mehrhoog-wertherbruch.de\/\" target=\"_blank\" rel=\"noopener noreferrer\"><strong><span style=\"color: #0000ff;\">Gemeinschaftsgrundschule<\/span> <span style=\"color: #0000ff;\">Wertherbruch \/ Loikum<\/span><\/strong><\/a>\u00a0<strong><br \/>\n\u2022 <a href=\"http:\/\/www.ggs-blumenkamp.de\/\" target=\"_blank\" rel=\"noopener noreferrer\"><span style=\"color: #0000ff;\">Gemeinschaftsgrundschule<\/span> <span style=\"color: #0000ff;\">Blumenkamp\u00a0<\/span><\/a><\/strong><\/p>\n<p>Zus\u00e4tzlich f\u00fchrt das Diakonische Werk an der<span style=\"color: #0000ff;\"> <strong><a style=\"color: #0000ff;\" href=\"http:\/\/kdr-wesel.de\/\" target=\"_blank\" rel=\"noopener noreferrer\">Konrad-Duden-Realschule<\/a><\/strong> <\/span>im Stadtteil Feldmark und im <span style=\"color: #0000ff;\"><strong><a style=\"color: #0000ff;\" href=\"http:\/\/www.avg-wesel.de\/\" target=\"_blank\" rel=\"noopener noreferrer\">Andreas-Vesalius-Gymnasium<\/a><\/strong><\/span> in der Innenstadt eine qualifizierte \u00dcbermittagbetreuung f\u00fcr Kinder der Klassen f\u00fcnf und sechs durch.<\/p>\n<h2>Gerne k\u00f6nnen Sie sich auch telefonisch oder pers\u00f6nlich informieren:<\/h2>\n<p><span style=\"color: #0000ff;\"><strong>Helena Cyrener<br \/>\n<\/strong>Stabstelle Offener Ganztag<br \/>\n<\/span><span style=\"color: #0000ff;\">Friedrichstra\u00dfe 3<\/span><br \/>\n<span style=\"color: #0000ff;\">46483 Wesel<\/span><br \/>\n<span style=\"color: #0000ff;\">Tel.: 0281 156-202<\/span><\/p>\n","protected":false},"excerpt":{"rendered":"<p>Im Angebot seit 1994 Seit 1994 betreuen ErzieherInnen des Diakonischen Werkes in Grundschulen Kinder nach dem Ende des Unterrichtes, zuerst im Rahmen des Landesprogramms \u201eGeregelte Halbtagsschule \/ Schule von acht <a href=\"https:\/\/diakoniewesel.de\/index.php\/offene-ganztagsschulen\/\" class=\"more-link\">[&hellip;]<\/a><\/p>\n","protected":false},"author":1,"featured_media":0,"parent":0,"menu_order":0,"comment_status":"closed","ping_status":"closed","template":"","meta":{"Layout":"","footnotes":""},"class_list":["entry","author-hsn-maser","post-26","page","type-page","status-publish"],"_links":{"self":[{"href":"https:\/\/diakoniewesel.de\/index.php\/wp-json\/wp\/v2\/pages\/26","targetHints":{"allow":["GET"]}}],"collection":[{"href":"https:\/\/diakoniewesel.de\/index.php\/wp-json\/wp\/v2\/pages"}],"about":[{"href":"https:\/\/diakoniewesel.de\/index.php\/wp-json\/wp\/v2\/types\/page"}],"author":[{"embeddable":true,"href":"https:\/\/diakoniewesel.de\/index.php\/wp-json\/wp\/v2\/users\/1"}],"replies":[{"embeddable":true,"href":"https:\/\/diakoniewesel.de\/index.php\/wp-json\/wp\/v2\/comments?post=26"}],"version-history":[{"count":23,"href":"https:\/\/diakoniewesel.de\/index.php\/wp-json\/wp\/v2\/pages\/26\/revisions"}],"predecessor-version":[{"id":1734,"href":"https:\/\/diakoniewesel.de\/index.php\/wp-json\/wp\/v2\/pages\/26\/revisions\/1734"}],"wp:attachment":[{"href":"https:\/\/diakoniewesel.de\/index.php\/wp-json\/wp\/v2\/media?parent=26"}],"curies":[{"name":"wp","href":"https:\/\/api.w.org\/{rel}","templated":true}]}}