{"id":30,"date":"2016-09-15T16:42:03","date_gmt":"2016-09-15T14:42:03","guid":{"rendered":"http:\/\/hsnetworks.de\/websites\/diakonie-neu\/?page_id=30"},"modified":"2024-06-06T15:10:38","modified_gmt":"2024-06-06T13:10:38","slug":"schuldner-und-insolvenzberatung","status":"publish","type":"page","link":"https:\/\/diakoniewesel.de\/index.php\/schuldner-und-insolvenzberatung\/","title":{"rendered":"Schuldner- und Insolvenzberatung"},"content":{"rendered":"<p><img loading=\"lazy\" decoding=\"async\" class=\"alignleft size-medium wp-image-107\" src=\"https:\/\/diakoniewesel.de\/wp-content\/uploads\/2016\/10\/keyvisual-schuldner-300x209.jpg\" alt=\"keyvisual-schuldner\" width=\"300\" height=\"209\" \/><\/p>\n<p>&nbsp;<\/p>\n<p>&nbsp;<\/p>\n<p>\u2022 <span style=\"color: #0000ff;\"><a style=\"color: #0000ff;\" href=\"https:\/\/diakoniewesel.de\/index.php\/schuldner-und-insolvenzberatung-2\/\">FAQ &#8211; Schuldnerberatung<\/a><\/span><br \/>\n<span style=\"color: #0000ff;\">\u2022 <a style=\"color: #0000ff;\" href=\"https:\/\/diakoniewesel.de\/index.php\/faq-insolvenz\/\">FAQ &#8211; Insolvenz<\/a><\/span><\/p>\n<h2>\u00a0<\/h2>\n<h2>\u00a0<\/h2>\n<h2><span style=\"color: #666699;\">Wir sind f\u00fcr Sie an unterschiedlichen Standorten erreichbar<\/span><\/h2>\n<p>Die Beratung erfolgt <strong><em>nach Terminvergabe (0281 156-250)<\/em><\/strong> an Ihren regionalen Beratungsstandorten Dinslaken, Schermbeck und Wesel. Menschen, die einen Anspruch auf Leistungen nach dem <strong><em>SGB II (B\u00fcrgergeld) oder dem SGB XII (Sozialhilfe)<\/em><\/strong> haben, werden gebeten, einen Beratungsgutschein beim Jobcenter bzw. dem Sozialamt zu beantragen und diesen im Fall der Aush\u00e4ndigung oder Zusendung zum Beratungsgespr\u00e4ch mitzubringen.<\/p>\n<h2><span style=\"color: #666699;\">Wir helfen Ihnen, Ihre finanziellen Schwierigkeiten zu bew\u00e4ltigen<\/span><\/h2>\n<p>Wenn aufgrund ungl\u00fccklicher Verkettungen von Ereignissen die Kontrolle \u00fcber die Finanzen verloren geht, bieten wir Beratungshilfen zur<\/p>\n<ul>\n<li>Sicherung Ihrer Existenzgrundlage<\/li>\n<li>Erschlie\u00dfung finanzieller Reserven und Hilfen<\/li>\n<li>sinnvollen Haushaltsf\u00fchrung und<\/li>\n<li>Hilfe zur Selbsthilfe<\/li>\n<li>Forderungs\u00fcberpr\u00fcfung und Begleitung bei Verhandlungen mit Gl\u00e4ubigern und Aufkl\u00e4rung \u00fcber Schuldnerschutzma\u00dfnahmen<\/li>\n<li><strong><span style=\"color: #ff0000;\">Bescheinigung h\u00f6herer Freibetr\u00e4ge auf Pf\u00e4ndungsschutzkonten (&#8222;P-Konto-Bescheinigung&#8220;) &#8211; Bitte beachten Sie diese weiteren Hinweise:<br \/>\n<\/span><\/strong>Seit dem 01. Dezember 2021 sind folgende Stellen <strong>rechtlich verpflichtet<\/strong>, h\u00f6here Freibetr\u00e4ge f\u00fcr Ihr P-Konto zu bescheinigen, sofern Sie Leistungen von diesen Stellen beziehen:<br \/>\n<span style=\"color: #000000;\"><strong>1. Jobcenter<br \/>\n<\/strong><strong>2. Familienkasse<br \/>\n<\/strong><strong>3. Sozial\u00e4mter<\/strong><\/span><\/p>\n<p><span style=\"color: #000000;\">Wenn Sie Leistungen von einer der Stellen beziehen, wenden Sie sich bitte an diese Stelle. Ratsuchende, die dort <em>nachweislich<\/em> abgewiesen werden, k\u00f6nnen sich an die Vollstreckungsstelle des f\u00fcr sie zust\u00e4ndigen Amtsgerichts wenden und dort eine h\u00f6here Freigabe beantragen. <\/span><span style=\"color: #000000;\"><span style=\"color: #000000;\">Ratsuchende, die weder solche Sozialleistungen noch Kindergeld beziehen, erhalten die Bescheinigungen weiterhin in der Beratungsstelle des Diakonischen Werks. F\u00fcr die Ausstellung der Bescheinigung wird seit dem 01. Februar 2023 ein <strong>Kostenbeitrag in H\u00f6he von zehn Euro erhoben. <\/strong>Die Zahlung kann im Fall der Abholung der Bescheinigung vor Ort passend in bar entrichtet werden. Auch ist es m\u00f6glich, die Zahlung durch \u00dcberweisung auf das folgende Konto des Verwaltungsamtes zu leisten:<br \/>\n<\/span><\/span><span style=\"color: #000000;\"><span style=\"color: #000000;\">Niederrheinische Sparkasse RheinLippe, IBAN: <strong>DE58 3565 0000 0000 3601 64<\/strong>; BIC: WELADED1WES<br \/>\n<\/span><\/span><span style=\"color: #000000;\">Verwendungszweck: &#8222;Vorname Nachnahme Bescheinigung P-Konto\u201c<\/span><\/p>\n<\/li>\n<\/ul>\n<h2><span style=\"color: #666699;\">Hilfe bei angezeigtem Verbraucherinsolvenzverfahren:<\/span><\/h2>\n<ul>\n<li>Information \u00fcber den Ablauf des Verbraucherinsolvenzverfahrens<\/li>\n<li>Unterst\u00fctzung und Beratung bei au\u00dfergerichtlichen Einigungsversuchen<\/li>\n<li>Ausstellung schriftlicher Bescheinigungen bei deren Scheitern<\/li>\n<li>Hilfe bei der Antragstellung f\u00fcrs gerichtliche Verfahren<\/li>\n<li>Fachliche Begleitung \/ Beratung im Insolvenzverfahren und w\u00e4hrend der Wohlverhaltensphase<\/li>\n<\/ul>\n<h2><span style=\"color: #666699;\">Wir sind f\u00fcr Sie da,<\/span><\/h2>\n<ul>\n<li>um Sie innerhalb eines gesch\u00fctzten Rahmens zu beraten und zu informieren<\/li>\n<li>um Krisenhilfe zu leisten und weitergehende Dienste zu vermitteln.<\/li>\n<li>Die Beratungen und weiteren Aktivit\u00e4ten sind f\u00fcr Sie\u00a0kostenlos. Die Beratenden unterliegen der Schweigepflicht, der Datenschutz ist gew\u00e4hrleistet.<\/li>\n<\/ul>\n<h2><span style=\"color: #666699;\">Gemeinsam stark<\/span><\/h2>\n<ul>\n<li>durch Ihre Bereitschaft zur Offenlegung Ihrer finanziellen Verh\u00e4ltnisse und zur freiwilligen Zusammenarbeit<\/li>\n<li>durch Ihren Einsatz bei der Einhaltung von Terminen und Absprachen und Ihrer aktiven Mitwirkung am schrittweisen Entschuldungsprozess<\/li>\n<\/ul>\n<p>Weitere Informationen\u00a0zur Organisation und zum Ablauf der Beratung erhalten Sie telefonisch au\u00dferdem\u00a0bei:<br \/>\n<span style=\"color: #0000ff;\"><strong>Nadine H\u00fcning &#8211; Sekretariat: 0281 156-250<\/strong><\/span><\/p>\n<h2>Sie finden hilfreiche Informationen, Formulare und Musterbriefe bei Auswahl des Men\u00fcs &#8222;Downloads&#8220; auf der linken Seite. Dort finden Sie auch die Information, welche Beratungskraft f\u00fcr Ihren Wohnort zust\u00e4ndig ist.<\/h2>\n<h2><span style=\"color: #666699;\">Stimmen Betroffener:<\/span><\/h2>\n<ul>\n<li>\u201cIch hatte solche Angst herzukommen, aber jetzt bin ich sehr erleichtert.\u201d<\/li>\n<li>\u201cEndlich bin ich den Druck los.\u201d<\/li>\n<li>\u201cIch habe mich an Sie gewandt, weil Sie schon meiner Freundin geholfen haben.\u201d<\/li>\n<li>\u201cIch habe jetzt endlich wieder Hoffnung und eine Perspektive.\u201d<\/li>\n<\/ul>\n<h3>Links:<\/h3>\n<p><span style=\"color: #0000ff;\"><a style=\"color: #0000ff;\" href=\"http:\/\/www.ekir.de\/kirchenkreis-dinslaken\/dw\/diakonie.htm\" rel=\"noopener noreferrer\">Diakonisches Werk Dinslaken<\/a><\/span><br \/>\n<span style=\"color: #0000ff;\"><a style=\"color: #0000ff;\" href=\"http:\/\/www.grafschafter-diakonie.de\/\" rel=\"noopener noreferrer\">Diakonisches Werk Moers<\/a><\/span><\/p>\n<p>Dieses Beratungsangebot wird durch den Kirchenkreis Wesel, den Rheinischen Sparkassen- und Giroverband, Kreis Wesel und das Land Nordrhein-Westfalen finanziell unterst\u00fctzt.<\/p>\n","protected":false},"excerpt":{"rendered":"<p>&nbsp; &nbsp; \u2022 FAQ &#8211; Schuldnerberatung \u2022 FAQ &#8211; Insolvenz \u00a0 \u00a0 Wir sind f\u00fcr Sie an unterschiedlichen Standorten erreichbar Die Beratung erfolgt nach Terminvergabe (0281 156-250) an Ihren regionalen <a href=\"https:\/\/diakoniewesel.de\/index.php\/schuldner-und-insolvenzberatung\/\" class=\"more-link\">[&hellip;]<\/a><\/p>\n","protected":false},"author":1,"featured_media":0,"parent":0,"menu_order":0,"comment_status":"closed","ping_status":"closed","template":"","meta":{"Layout":"","footnotes":""},"class_list":["entry","author-hsn-maser","post-30","page","type-page","status-publish"],"_links":{"self":[{"href":"https:\/\/diakoniewesel.de\/index.php\/wp-json\/wp\/v2\/pages\/30","targetHints":{"allow":["GET"]}}],"collection":[{"href":"https:\/\/diakoniewesel.de\/index.php\/wp-json\/wp\/v2\/pages"}],"about":[{"href":"https:\/\/diakoniewesel.de\/index.php\/wp-json\/wp\/v2\/types\/page"}],"author":[{"embeddable":true,"href":"https:\/\/diakoniewesel.de\/index.php\/wp-json\/wp\/v2\/users\/1"}],"replies":[{"embeddable":true,"href":"https:\/\/diakoniewesel.de\/index.php\/wp-json\/wp\/v2\/comments?post=30"}],"version-history":[{"count":141,"href":"https:\/\/diakoniewesel.de\/index.php\/wp-json\/wp\/v2\/pages\/30\/revisions"}],"predecessor-version":[{"id":1668,"href":"https:\/\/diakoniewesel.de\/index.php\/wp-json\/wp\/v2\/pages\/30\/revisions\/1668"}],"wp:attachment":[{"href":"https:\/\/diakoniewesel.de\/index.php\/wp-json\/wp\/v2\/media?parent=30"}],"curies":[{"name":"wp","href":"https:\/\/api.w.org\/{rel}","templated":true}]}}