{"id":64,"date":"2016-09-16T16:16:25","date_gmt":"2016-09-16T14:16:25","guid":{"rendered":"http:\/\/hsnetworks.de\/websites\/diakonie-neu\/?page_id=64"},"modified":"2026-01-21T09:55:35","modified_gmt":"2026-01-21T08:55:35","slug":"impressum","status":"publish","type":"page","link":"https:\/\/diakoniewesel.de\/index.php\/impressum\/","title":{"rendered":"Impressum"},"content":{"rendered":"<h2><strong>Diakonisches Werk Wesel<\/strong><\/h2>\n<p><strong>Gesch\u00e4ftsstelle<\/strong><\/p>\n<p>Friedrichstra\u00dfe 3<br \/>\n46483 Wesel<br \/>\nTel\u00a0 0281 156-200<br \/>\nFax 0281 156-209<br \/>\nE-Mail: <a href=\"mailto:%20info@diakonie-wesel.de\">infoatdiakonie-wesel.de<\/a><\/p>\n<p><strong>Vertretungsberechtigt<\/strong> <br \/>\nKerstin Hohagen, Gesch\u00e4ftsf\u00fchrerin<\/p>\n<p><strong>Redaktion<\/strong><\/p>\n<p><strong>Gestaltung<\/strong><br \/>\nherold &amp; sch\u00f6nsteiner \u2022 design &amp; kommunikation<br \/>\nwww.herold-schoensteiner.de<\/p>\n<p><strong>Realisierung<\/strong><br \/>\nherold &amp; sch\u00f6nsteiner networks UG<br \/>\nwww.herold-schoensteiner.de<\/p>\n<p>Inhaltlich verantwortlich gem\u00e4\u00df \u00a7 10 Absatz 3 MDStV <br \/>\nKerstin Hohagen<br \/>\n(Anschrift wie oben)<\/p>\n<h2>Urheberrecht<\/h2>\n<p>Die durch die Seitenbetreiber erstellten Inhalte und Werke auf diesen Seiten unterliegen dem deutschen Urheberrecht. Die Vervielf\u00e4ltigung, Bearbeitung, Verbreitung und jede Art der Verwertung au\u00dferhalb der Grenzen des Urheberrechtes bed\u00fcrfen der schriftlichen Zustimmung des jeweiligen Autors bzw. Erstellers.<\/p>\n","protected":false},"excerpt":{"rendered":"<p>Diakonisches Werk Wesel Gesch\u00e4ftsstelle Friedrichstra\u00dfe 3 46483 Wesel Tel\u00a0 0281 156-200 Fax 0281 156-209 E-Mail: infoatdiakonie-wesel.de Vertretungsberechtigt Kerstin Hohagen, Gesch\u00e4ftsf\u00fchrerin Redaktion Gestaltung herold &amp; sch\u00f6nsteiner \u2022 design &amp; kommunikation www.herold-schoensteiner.de <a href=\"https:\/\/diakoniewesel.de\/index.php\/impressum\/\" class=\"more-link\">[&hellip;]<\/a><\/p>\n","protected":false},"author":2,"featured_media":0,"parent":0,"menu_order":0,"comment_status":"closed","ping_status":"closed","template":"","meta":{"Layout":"","footnotes":""},"class_list":["entry","author-hsn-master","post-64","page","type-page","status-publish"],"_links":{"self":[{"href":"https:\/\/diakoniewesel.de\/index.php\/wp-json\/wp\/v2\/pages\/64","targetHints":{"allow":["GET"]}}],"collection":[{"href":"https:\/\/diakoniewesel.de\/index.php\/wp-json\/wp\/v2\/pages"}],"about":[{"href":"https:\/\/diakoniewesel.de\/index.php\/wp-json\/wp\/v2\/types\/page"}],"author":[{"embeddable":true,"href":"https:\/\/diakoniewesel.de\/index.php\/wp-json\/wp\/v2\/users\/2"}],"replies":[{"embeddable":true,"href":"https:\/\/diakoniewesel.de\/index.php\/wp-json\/wp\/v2\/comments?post=64"}],"version-history":[{"count":8,"href":"https:\/\/diakoniewesel.de\/index.php\/wp-json\/wp\/v2\/pages\/64\/revisions"}],"predecessor-version":[{"id":1780,"href":"https:\/\/diakoniewesel.de\/index.php\/wp-json\/wp\/v2\/pages\/64\/revisions\/1780"}],"wp:attachment":[{"href":"https:\/\/diakoniewesel.de\/index.php\/wp-json\/wp\/v2\/media?parent=64"}],"curies":[{"name":"wp","href":"https:\/\/api.w.org\/{rel}","templated":true}]}}