{"id":66,"date":"2016-09-16T16:16:34","date_gmt":"2016-09-16T14:16:34","guid":{"rendered":"http:\/\/hsnetworks.de\/websites\/diakonie-neu\/?page_id=66"},"modified":"2018-05-22T10:41:44","modified_gmt":"2018-05-22T08:41:44","slug":"disclaimer","status":"publish","type":"page","link":"https:\/\/diakoniewesel.de\/index.php\/disclaimer\/","title":{"rendered":"Haftungsausschluss"},"content":{"rendered":"<p>&nbsp;<\/p>\n<h2><strong>Haftung f\u00fcr Inhalte<\/strong><\/h2>\n<p>Wir bem\u00fchen uns die Inhalte unserer Seite aktuell zu halten. Trotz sorgf\u00e4ltiger Bearbeitung bleibt eine Haftung ausgeschlossen. <br \/>\n Als Diensteanbieter sind wir gem\u00e4\u00df \u00a7 7 Abs.1 TMG f\u00fcr eigene Inhalte auf diesen Seiten nach den allgemeinen Gesetzen verantwortlich. <br \/>\n Nach \u00a7\u00a7 8 bis 10 TMG sind wir als Diensteanbieter jedoch nicht verpflichtet, \u00fcbermittelte oder gespeicherte fremde Informationen zu \u00fcberwachen. Bei bekannt werden von Rechtsverletzungen, werden wir diese Inhalte umgehend entfernen. Eine diesbez\u00fcgliche Haftung \u00fcbernehmen wir erst ab dem Zeitpunkt der Kenntnis einer m\u00f6glichen Rechtsverletzung.<\/p>\n<p>Hinsichtlich der Beachtung der datenschutzrechtlichen Bestimmungen verweisen wir auf unsere Informationen zum <a href=\"http:\/\/diakoniewesel.de\/wp-content\/uploads\/2017\/02\/Datenschutz-Diakonie-Wesel.pdf\"><strong>DATENSCHUTZ<\/strong>.<\/a><\/p>\n<p>\u00a0<br \/>\n Stand\u00a0Februar 2017<\/p>\n","protected":false},"excerpt":{"rendered":"<p>&nbsp; Haftung f\u00fcr Inhalte Wir bem\u00fchen uns die Inhalte unserer Seite aktuell zu halten. Trotz sorgf\u00e4ltiger Bearbeitung bleibt eine Haftung ausgeschlossen. Als Diensteanbieter sind wir gem\u00e4\u00df \u00a7 7 Abs.1 TMG <a href=\"https:\/\/diakoniewesel.de\/index.php\/disclaimer\/\" class=\"more-link\">[&hellip;]<\/a><\/p>\n","protected":false},"author":2,"featured_media":0,"parent":0,"menu_order":0,"comment_status":"closed","ping_status":"closed","template":"","meta":{"Layout":"","footnotes":""},"class_list":["entry","author-hsn-master","post-66","page","type-page","status-publish"],"_links":{"self":[{"href":"https:\/\/diakoniewesel.de\/index.php\/wp-json\/wp\/v2\/pages\/66","targetHints":{"allow":["GET"]}}],"collection":[{"href":"https:\/\/diakoniewesel.de\/index.php\/wp-json\/wp\/v2\/pages"}],"about":[{"href":"https:\/\/diakoniewesel.de\/index.php\/wp-json\/wp\/v2\/types\/page"}],"author":[{"embeddable":true,"href":"https:\/\/diakoniewesel.de\/index.php\/wp-json\/wp\/v2\/users\/2"}],"replies":[{"embeddable":true,"href":"https:\/\/diakoniewesel.de\/index.php\/wp-json\/wp\/v2\/comments?post=66"}],"version-history":[{"count":9,"href":"https:\/\/diakoniewesel.de\/index.php\/wp-json\/wp\/v2\/pages\/66\/revisions"}],"predecessor-version":[{"id":589,"href":"https:\/\/diakoniewesel.de\/index.php\/wp-json\/wp\/v2\/pages\/66\/revisions\/589"}],"wp:attachment":[{"href":"https:\/\/diakoniewesel.de\/index.php\/wp-json\/wp\/v2\/media?parent=66"}],"curies":[{"name":"wp","href":"https:\/\/api.w.org\/{rel}","templated":true}]}}